{"id":9850,"date":"2023-12-19T10:20:32","date_gmt":"2023-12-19T10:20:32","guid":{"rendered":"https:\/\/saunatao.com\/catalog-for-download\/"},"modified":"2024-07-26T14:45:06","modified_gmt":"2024-07-26T14:45:06","slug":"stiahnut-katalog","status":"publish","type":"page","link":"https:\/\/saunatao.com\/sk\/stiahnut-katalog\/","title":{"rendered":"Stiahnu\u0165 katal\u00f3g"},"content":{"rendered":"<section class=\"section--catalogue section--light\">\n<div class=\"inner\">\n<h1 class=\"heading heading--bigger heading--center heading--black heading--underline\">Stiahnu\u0165 katal\u00f3g<\/h1>\n<div class=\"col-12 catalogue-download-button-margin margin-top--05x\">\n                        <a download=\"tao-sauna-catalog-en-de-fr\" href=\"https:\/\/saunatao.com\/wp-content\/uploads\/2023\/12\/tao-sauna-catalog-en-de-fr.pdf\" rel=\"noopener noreferrer\" class=\"button button--small button--arrow button--shadow\">Stiahnu\u0165 katal\u00f3g<br \/>\n<\/a>\n                    <\/div>\n<div class=\"row\">\n<div class=\"col-xs-12 col-sm-12 col-md-2 col-lg-2\"><\/div>\n<div class=\"col-xs-12 col-sm-12 col-md-8 col-lg-8\"><\/div>\n<div class=\"col-xs-12 col-sm-12 col-md-2 col-lg-2\"><\/div><\/div>\n<div style=\"position:relative;padding-top:max(60%,326px);height:0;width:100%\"><iframe allow=\"clipboard-write\" sandbox=\"allow-top-navigation allow-top-navigation-by-user-activation allow-downloads allow-scripts allow-same-origin allow-popups allow-modals allow-popups-to-escape-sandbox allow-forms\" allowfullscreen=\"true\" style=\"position:absolute;border:none;width:100%;height:100%;left:0;right:0;top:0;bottom:0;\" src=\"https:\/\/e.issuu.com\/embed.html?d=issuu_katalog_saun_tao&#038;u=aquamarinespamarketing\"><\/iframe><\/div><\/div>\n<p> <!-- .inner --><br \/>\n<\/section>\n<p> <!-- section products --><\/p>\n","protected":false},"excerpt":{"rendered":"Stiahnu\u0165 katal\u00f3g Stiahnu\u0165 katal\u00f3g","protected":false},"author":12,"featured_media":0,"parent":0,"menu_order":0,"comment_status":"closed","ping_status":"closed","template":"","meta":{"_acf_changed":false,"footnotes":""},"class_list":["post-9850","page","type-page","status-publish","hentry"],"acf":[],"yoast_head":"<!-- This site is optimized with the Yoast SEO plugin v27.3 - https:\/\/yoast.com\/product\/yoast-seo-wordpress\/ -->\n<title>Stiahnu\u0165 katal\u00f3g | Aquamarine Spa<\/title>\n<meta name=\"description\" content=\"Stiahnite si n\u00e1\u0161 katal\u00f3g produktov. Pon\u00fakame ho online aj offline. Za\u010dnite si vybera\u0165 saunu e\u0161te dnes.\" \/>\n<meta name=\"robots\" content=\"index, follow, max-snippet:-1, max-image-preview:large, max-video-preview:-1\" \/>\n<link rel=\"canonical\" href=\"https:\/\/saunatao.com\/sk\/stiahnut-katalog\/\" \/>\n<meta property=\"og:locale\" content=\"sk_SK\" \/>\n<meta property=\"og:type\" content=\"article\" \/>\n<meta property=\"og:title\" content=\"Stiahnu\u0165 katal\u00f3g | Aquamarine Spa\" \/>\n<meta property=\"og:description\" content=\"Stiahnite si n\u00e1\u0161 katal\u00f3g produktov. Pon\u00fakame ho online aj offline. Za\u010dnite si vybera\u0165 saunu e\u0161te dnes.\" \/>\n<meta property=\"og:url\" content=\"https:\/\/saunatao.com\/sk\/stiahnut-katalog\/\" \/>\n<meta property=\"og:site_name\" content=\"Aquamarine Spa\" \/>\n<meta property=\"article:publisher\" content=\"https:\/\/www.facebook.com\/aquamarinespacz\/\" \/>\n<meta property=\"article:modified_time\" content=\"2024-07-26T14:45:06+00:00\" \/>\n<meta name=\"twitter:card\" content=\"summary_large_image\" \/>\n<meta name=\"twitter:label1\" content=\"Predpokladan\u00fd \u010das \u010d\u00edtania\" \/>\n\t<meta name=\"twitter:data1\" content=\"1 min\u00fata\" \/>\n<script type=\"application\/ld+json\" class=\"yoast-schema-graph\">{\"@context\":\"https:\\\/\\\/schema.org\",\"@graph\":[{\"@type\":\"WebPage\",\"@id\":\"https:\\\/\\\/saunatao.com\\\/sk\\\/stiahnut-katalog\\\/\",\"url\":\"https:\\\/\\\/saunatao.com\\\/sk\\\/stiahnut-katalog\\\/\",\"name\":\"Stiahnu\u0165 katal\u00f3g | Aquamarine Spa\",\"isPartOf\":{\"@id\":\"https:\\\/\\\/saunatao.com\\\/sk\\\/#website\"},\"datePublished\":\"2023-12-19T10:20:32+00:00\",\"dateModified\":\"2024-07-26T14:45:06+00:00\",\"description\":\"Stiahnite si n\u00e1\u0161 katal\u00f3g produktov. Pon\u00fakame ho online aj offline. Za\u010dnite si vybera\u0165 saunu e\u0161te dnes.\",\"breadcrumb\":{\"@id\":\"https:\\\/\\\/saunatao.com\\\/sk\\\/stiahnut-katalog\\\/#breadcrumb\"},\"inLanguage\":\"sk-SK\",\"potentialAction\":[{\"@type\":\"ReadAction\",\"target\":[\"https:\\\/\\\/saunatao.com\\\/sk\\\/stiahnut-katalog\\\/\"]}]},{\"@type\":\"BreadcrumbList\",\"@id\":\"https:\\\/\\\/saunatao.com\\\/sk\\\/stiahnut-katalog\\\/#breadcrumb\",\"itemListElement\":[{\"@type\":\"ListItem\",\"position\":1,\"name\":\"Home\",\"item\":\"https:\\\/\\\/saunatao.com\\\/sk\\\/\"},{\"@type\":\"ListItem\",\"position\":2,\"name\":\"Stiahnu\u0165 katal\u00f3g\"}]},{\"@type\":\"WebSite\",\"@id\":\"https:\\\/\\\/saunatao.com\\\/sk\\\/#website\",\"url\":\"https:\\\/\\\/saunatao.com\\\/sk\\\/\",\"name\":\"Aquamarine Spa\",\"description\":\"Za\u017eite pocit dokonalosti\",\"publisher\":{\"@id\":\"https:\\\/\\\/saunatao.com\\\/sk\\\/#organization\"},\"potentialAction\":[{\"@type\":\"SearchAction\",\"target\":{\"@type\":\"EntryPoint\",\"urlTemplate\":\"https:\\\/\\\/saunatao.com\\\/sk\\\/?s={search_term_string}\"},\"query-input\":{\"@type\":\"PropertyValueSpecification\",\"valueRequired\":true,\"valueName\":\"search_term_string\"}}],\"inLanguage\":\"sk-SK\"},{\"@type\":\"Organization\",\"@id\":\"https:\\\/\\\/saunatao.com\\\/sk\\\/#organization\",\"name\":\"Aquamarine Spa\",\"url\":\"https:\\\/\\\/saunatao.com\\\/sk\\\/\",\"logo\":{\"@type\":\"ImageObject\",\"inLanguage\":\"sk-SK\",\"@id\":\"https:\\\/\\\/saunatao.com\\\/sk\\\/#\\\/schema\\\/logo\\\/image\\\/\",\"url\":\"https:\\\/\\\/saunatao.com\\\/wp-content\\\/uploads\\\/2021\\\/10\\\/aquamarinespa-logo.jpg\",\"contentUrl\":\"https:\\\/\\\/saunatao.com\\\/wp-content\\\/uploads\\\/2021\\\/10\\\/aquamarinespa-logo.jpg\",\"width\":1018,\"height\":499,\"caption\":\"Aquamarine Spa\"},\"image\":{\"@id\":\"https:\\\/\\\/saunatao.com\\\/sk\\\/#\\\/schema\\\/logo\\\/image\\\/\"},\"sameAs\":[\"https:\\\/\\\/www.facebook.com\\\/aquamarinespacz\\\/\",\"https:\\\/\\\/www.instagram.com\\\/aquamarinespacz\\\/\",\"https:\\\/\\\/cz.pinterest.com\\\/aquamarinespa\\\/_created\\\/\",\"https:\\\/\\\/www.youtube.com\\\/channel\\\/UCvQ2S0WBOTcT7OEAVfISYHg\"]}]}<\/script>\n<!-- \/ Yoast SEO plugin. -->","yoast_head_json":{"title":"Stiahnu\u0165 katal\u00f3g | Aquamarine Spa","description":"Stiahnite si n\u00e1\u0161 katal\u00f3g produktov. Pon\u00fakame ho online aj offline. Za\u010dnite si vybera\u0165 saunu e\u0161te dnes.","robots":{"index":"index","follow":"follow","max-snippet":"max-snippet:-1","max-image-preview":"max-image-preview:large","max-video-preview":"max-video-preview:-1"},"canonical":"https:\/\/saunatao.com\/sk\/stiahnut-katalog\/","og_locale":"sk_SK","og_type":"article","og_title":"Stiahnu\u0165 katal\u00f3g | Aquamarine Spa","og_description":"Stiahnite si n\u00e1\u0161 katal\u00f3g produktov. Pon\u00fakame ho online aj offline. Za\u010dnite si vybera\u0165 saunu e\u0161te dnes.","og_url":"https:\/\/saunatao.com\/sk\/stiahnut-katalog\/","og_site_name":"Aquamarine Spa","article_publisher":"https:\/\/www.facebook.com\/aquamarinespacz\/","article_modified_time":"2024-07-26T14:45:06+00:00","twitter_card":"summary_large_image","twitter_misc":{"Predpokladan\u00fd \u010das \u010d\u00edtania":"1 min\u00fata"},"schema":{"@context":"https:\/\/schema.org","@graph":[{"@type":"WebPage","@id":"https:\/\/saunatao.com\/sk\/stiahnut-katalog\/","url":"https:\/\/saunatao.com\/sk\/stiahnut-katalog\/","name":"Stiahnu\u0165 katal\u00f3g | Aquamarine Spa","isPartOf":{"@id":"https:\/\/saunatao.com\/sk\/#website"},"datePublished":"2023-12-19T10:20:32+00:00","dateModified":"2024-07-26T14:45:06+00:00","description":"Stiahnite si n\u00e1\u0161 katal\u00f3g produktov. Pon\u00fakame ho online aj offline. Za\u010dnite si vybera\u0165 saunu e\u0161te dnes.","breadcrumb":{"@id":"https:\/\/saunatao.com\/sk\/stiahnut-katalog\/#breadcrumb"},"inLanguage":"sk-SK","potentialAction":[{"@type":"ReadAction","target":["https:\/\/saunatao.com\/sk\/stiahnut-katalog\/"]}]},{"@type":"BreadcrumbList","@id":"https:\/\/saunatao.com\/sk\/stiahnut-katalog\/#breadcrumb","itemListElement":[{"@type":"ListItem","position":1,"name":"Home","item":"https:\/\/saunatao.com\/sk\/"},{"@type":"ListItem","position":2,"name":"Stiahnu\u0165 katal\u00f3g"}]},{"@type":"WebSite","@id":"https:\/\/saunatao.com\/sk\/#website","url":"https:\/\/saunatao.com\/sk\/","name":"Aquamarine Spa","description":"Za\u017eite pocit dokonalosti","publisher":{"@id":"https:\/\/saunatao.com\/sk\/#organization"},"potentialAction":[{"@type":"SearchAction","target":{"@type":"EntryPoint","urlTemplate":"https:\/\/saunatao.com\/sk\/?s={search_term_string}"},"query-input":{"@type":"PropertyValueSpecification","valueRequired":true,"valueName":"search_term_string"}}],"inLanguage":"sk-SK"},{"@type":"Organization","@id":"https:\/\/saunatao.com\/sk\/#organization","name":"Aquamarine Spa","url":"https:\/\/saunatao.com\/sk\/","logo":{"@type":"ImageObject","inLanguage":"sk-SK","@id":"https:\/\/saunatao.com\/sk\/#\/schema\/logo\/image\/","url":"https:\/\/saunatao.com\/wp-content\/uploads\/2021\/10\/aquamarinespa-logo.jpg","contentUrl":"https:\/\/saunatao.com\/wp-content\/uploads\/2021\/10\/aquamarinespa-logo.jpg","width":1018,"height":499,"caption":"Aquamarine Spa"},"image":{"@id":"https:\/\/saunatao.com\/sk\/#\/schema\/logo\/image\/"},"sameAs":["https:\/\/www.facebook.com\/aquamarinespacz\/","https:\/\/www.instagram.com\/aquamarinespacz\/","https:\/\/cz.pinterest.com\/aquamarinespa\/_created\/","https:\/\/www.youtube.com\/channel\/UCvQ2S0WBOTcT7OEAVfISYHg"]}]}},"_links":{"self":[{"href":"https:\/\/saunatao.com\/sk\/wp-json\/wp\/v2\/pages\/9850","targetHints":{"allow":["GET"]}}],"collection":[{"href":"https:\/\/saunatao.com\/sk\/wp-json\/wp\/v2\/pages"}],"about":[{"href":"https:\/\/saunatao.com\/sk\/wp-json\/wp\/v2\/types\/page"}],"author":[{"embeddable":true,"href":"https:\/\/saunatao.com\/sk\/wp-json\/wp\/v2\/users\/12"}],"replies":[{"embeddable":true,"href":"https:\/\/saunatao.com\/sk\/wp-json\/wp\/v2\/comments?post=9850"}],"version-history":[{"count":3,"href":"https:\/\/saunatao.com\/sk\/wp-json\/wp\/v2\/pages\/9850\/revisions"}],"predecessor-version":[{"id":9856,"href":"https:\/\/saunatao.com\/sk\/wp-json\/wp\/v2\/pages\/9850\/revisions\/9856"}],"wp:attachment":[{"href":"https:\/\/saunatao.com\/sk\/wp-json\/wp\/v2\/media?parent=9850"}],"curies":[{"name":"wp","href":"https:\/\/api.w.org\/{rel}","templated":true}]}}