{"id":9404,"date":"2023-10-12T09:21:24","date_gmt":"2023-10-12T09:21:24","guid":{"rendered":"https:\/\/saunatao.com\/?page_id=9404"},"modified":"2024-07-26T14:24:37","modified_gmt":"2024-07-26T14:24:37","slug":"galeria-tao","status":"publish","type":"page","link":"https:\/\/saunatao.com\/sk\/galeria-tao\/","title":{"rendered":"Gal\u00e9ria"},"content":{"rendered":"","protected":false},"excerpt":{"rendered":"","protected":false},"author":12,"featured_media":0,"parent":0,"menu_order":0,"comment_status":"closed","ping_status":"closed","template":"gallery.php","meta":{"_acf_changed":false,"footnotes":""},"class_list":["post-9404","page","type-page","status-publish","hentry"],"acf":[],"yoast_head":"<!-- This site is optimized with the Yoast SEO plugin v27.3 - https:\/\/yoast.com\/product\/yoast-seo-wordpress\/ -->\n<title>Gal\u00e9ria | Aquamarine Spa<\/title>\n<meta name=\"description\" content=\"Pozrite si na\u0161u gal\u00e9riu fotografi\u00ed z vytvoren\u00fdch realiz\u00e1ci\u00ed. N\u00e1jdete tu r\u00f4zne typy s\u00e1un TAO. \u0160irok\u00e1 \u0161k\u00e1la materi\u00e1lov a dizajnov.\" \/>\n<meta name=\"robots\" content=\"index, follow, max-snippet:-1, max-image-preview:large, max-video-preview:-1\" \/>\n<link rel=\"canonical\" href=\"https:\/\/saunatao.com\/sk\/galeria-tao\/\" \/>\n<meta property=\"og:locale\" content=\"sk_SK\" \/>\n<meta property=\"og:type\" content=\"article\" \/>\n<meta property=\"og:title\" content=\"Gal\u00e9ria | Aquamarine Spa\" \/>\n<meta property=\"og:description\" content=\"Pozrite si na\u0161u gal\u00e9riu fotografi\u00ed z vytvoren\u00fdch realiz\u00e1ci\u00ed. N\u00e1jdete tu r\u00f4zne typy s\u00e1un TAO. \u0160irok\u00e1 \u0161k\u00e1la materi\u00e1lov a dizajnov.\" \/>\n<meta property=\"og:url\" content=\"https:\/\/saunatao.com\/sk\/galeria-tao\/\" \/>\n<meta property=\"og:site_name\" content=\"Aquamarine Spa\" \/>\n<meta property=\"article:publisher\" content=\"https:\/\/www.facebook.com\/aquamarinespacz\/\" \/>\n<meta property=\"article:modified_time\" content=\"2024-07-26T14:24:37+00:00\" \/>\n<meta name=\"twitter:card\" content=\"summary_large_image\" \/>\n<script type=\"application\/ld+json\" class=\"yoast-schema-graph\">{\"@context\":\"https:\\\/\\\/schema.org\",\"@graph\":[{\"@type\":\"WebPage\",\"@id\":\"https:\\\/\\\/saunatao.com\\\/sk\\\/galeria-tao\\\/\",\"url\":\"https:\\\/\\\/saunatao.com\\\/sk\\\/galeria-tao\\\/\",\"name\":\"Gal\u00e9ria | Aquamarine Spa\",\"isPartOf\":{\"@id\":\"https:\\\/\\\/saunatao.com\\\/sk\\\/#website\"},\"datePublished\":\"2023-10-12T09:21:24+00:00\",\"dateModified\":\"2024-07-26T14:24:37+00:00\",\"description\":\"Pozrite si na\u0161u gal\u00e9riu fotografi\u00ed z vytvoren\u00fdch realiz\u00e1ci\u00ed. N\u00e1jdete tu r\u00f4zne typy s\u00e1un TAO. \u0160irok\u00e1 \u0161k\u00e1la materi\u00e1lov a dizajnov.\",\"breadcrumb\":{\"@id\":\"https:\\\/\\\/saunatao.com\\\/sk\\\/galeria-tao\\\/#breadcrumb\"},\"inLanguage\":\"sk-SK\",\"potentialAction\":[{\"@type\":\"ReadAction\",\"target\":[\"https:\\\/\\\/saunatao.com\\\/sk\\\/galeria-tao\\\/\"]}]},{\"@type\":\"BreadcrumbList\",\"@id\":\"https:\\\/\\\/saunatao.com\\\/sk\\\/galeria-tao\\\/#breadcrumb\",\"itemListElement\":[{\"@type\":\"ListItem\",\"position\":1,\"name\":\"Home\",\"item\":\"https:\\\/\\\/saunatao.com\\\/sk\\\/\"},{\"@type\":\"ListItem\",\"position\":2,\"name\":\"Gal\u00e9ria\"}]},{\"@type\":\"WebSite\",\"@id\":\"https:\\\/\\\/saunatao.com\\\/sk\\\/#website\",\"url\":\"https:\\\/\\\/saunatao.com\\\/sk\\\/\",\"name\":\"Aquamarine Spa\",\"description\":\"Za\u017eite pocit dokonalosti\",\"publisher\":{\"@id\":\"https:\\\/\\\/saunatao.com\\\/sk\\\/#organization\"},\"potentialAction\":[{\"@type\":\"SearchAction\",\"target\":{\"@type\":\"EntryPoint\",\"urlTemplate\":\"https:\\\/\\\/saunatao.com\\\/sk\\\/?s={search_term_string}\"},\"query-input\":{\"@type\":\"PropertyValueSpecification\",\"valueRequired\":true,\"valueName\":\"search_term_string\"}}],\"inLanguage\":\"sk-SK\"},{\"@type\":\"Organization\",\"@id\":\"https:\\\/\\\/saunatao.com\\\/sk\\\/#organization\",\"name\":\"Aquamarine Spa\",\"url\":\"https:\\\/\\\/saunatao.com\\\/sk\\\/\",\"logo\":{\"@type\":\"ImageObject\",\"inLanguage\":\"sk-SK\",\"@id\":\"https:\\\/\\\/saunatao.com\\\/sk\\\/#\\\/schema\\\/logo\\\/image\\\/\",\"url\":\"https:\\\/\\\/saunatao.com\\\/wp-content\\\/uploads\\\/2021\\\/10\\\/aquamarinespa-logo.jpg\",\"contentUrl\":\"https:\\\/\\\/saunatao.com\\\/wp-content\\\/uploads\\\/2021\\\/10\\\/aquamarinespa-logo.jpg\",\"width\":1018,\"height\":499,\"caption\":\"Aquamarine Spa\"},\"image\":{\"@id\":\"https:\\\/\\\/saunatao.com\\\/sk\\\/#\\\/schema\\\/logo\\\/image\\\/\"},\"sameAs\":[\"https:\\\/\\\/www.facebook.com\\\/aquamarinespacz\\\/\",\"https:\\\/\\\/www.instagram.com\\\/aquamarinespacz\\\/\",\"https:\\\/\\\/cz.pinterest.com\\\/aquamarinespa\\\/_created\\\/\",\"https:\\\/\\\/www.youtube.com\\\/channel\\\/UCvQ2S0WBOTcT7OEAVfISYHg\"]}]}<\/script>\n<!-- \/ Yoast SEO plugin. -->","yoast_head_json":{"title":"Gal\u00e9ria | Aquamarine Spa","description":"Pozrite si na\u0161u gal\u00e9riu fotografi\u00ed z vytvoren\u00fdch realiz\u00e1ci\u00ed. N\u00e1jdete tu r\u00f4zne typy s\u00e1un TAO. \u0160irok\u00e1 \u0161k\u00e1la materi\u00e1lov a dizajnov.","robots":{"index":"index","follow":"follow","max-snippet":"max-snippet:-1","max-image-preview":"max-image-preview:large","max-video-preview":"max-video-preview:-1"},"canonical":"https:\/\/saunatao.com\/sk\/galeria-tao\/","og_locale":"sk_SK","og_type":"article","og_title":"Gal\u00e9ria | Aquamarine Spa","og_description":"Pozrite si na\u0161u gal\u00e9riu fotografi\u00ed z vytvoren\u00fdch realiz\u00e1ci\u00ed. N\u00e1jdete tu r\u00f4zne typy s\u00e1un TAO. \u0160irok\u00e1 \u0161k\u00e1la materi\u00e1lov a dizajnov.","og_url":"https:\/\/saunatao.com\/sk\/galeria-tao\/","og_site_name":"Aquamarine Spa","article_publisher":"https:\/\/www.facebook.com\/aquamarinespacz\/","article_modified_time":"2024-07-26T14:24:37+00:00","twitter_card":"summary_large_image","schema":{"@context":"https:\/\/schema.org","@graph":[{"@type":"WebPage","@id":"https:\/\/saunatao.com\/sk\/galeria-tao\/","url":"https:\/\/saunatao.com\/sk\/galeria-tao\/","name":"Gal\u00e9ria | Aquamarine Spa","isPartOf":{"@id":"https:\/\/saunatao.com\/sk\/#website"},"datePublished":"2023-10-12T09:21:24+00:00","dateModified":"2024-07-26T14:24:37+00:00","description":"Pozrite si na\u0161u gal\u00e9riu fotografi\u00ed z vytvoren\u00fdch realiz\u00e1ci\u00ed. N\u00e1jdete tu r\u00f4zne typy s\u00e1un TAO. \u0160irok\u00e1 \u0161k\u00e1la materi\u00e1lov a dizajnov.","breadcrumb":{"@id":"https:\/\/saunatao.com\/sk\/galeria-tao\/#breadcrumb"},"inLanguage":"sk-SK","potentialAction":[{"@type":"ReadAction","target":["https:\/\/saunatao.com\/sk\/galeria-tao\/"]}]},{"@type":"BreadcrumbList","@id":"https:\/\/saunatao.com\/sk\/galeria-tao\/#breadcrumb","itemListElement":[{"@type":"ListItem","position":1,"name":"Home","item":"https:\/\/saunatao.com\/sk\/"},{"@type":"ListItem","position":2,"name":"Gal\u00e9ria"}]},{"@type":"WebSite","@id":"https:\/\/saunatao.com\/sk\/#website","url":"https:\/\/saunatao.com\/sk\/","name":"Aquamarine Spa","description":"Za\u017eite pocit dokonalosti","publisher":{"@id":"https:\/\/saunatao.com\/sk\/#organization"},"potentialAction":[{"@type":"SearchAction","target":{"@type":"EntryPoint","urlTemplate":"https:\/\/saunatao.com\/sk\/?s={search_term_string}"},"query-input":{"@type":"PropertyValueSpecification","valueRequired":true,"valueName":"search_term_string"}}],"inLanguage":"sk-SK"},{"@type":"Organization","@id":"https:\/\/saunatao.com\/sk\/#organization","name":"Aquamarine Spa","url":"https:\/\/saunatao.com\/sk\/","logo":{"@type":"ImageObject","inLanguage":"sk-SK","@id":"https:\/\/saunatao.com\/sk\/#\/schema\/logo\/image\/","url":"https:\/\/saunatao.com\/wp-content\/uploads\/2021\/10\/aquamarinespa-logo.jpg","contentUrl":"https:\/\/saunatao.com\/wp-content\/uploads\/2021\/10\/aquamarinespa-logo.jpg","width":1018,"height":499,"caption":"Aquamarine Spa"},"image":{"@id":"https:\/\/saunatao.com\/sk\/#\/schema\/logo\/image\/"},"sameAs":["https:\/\/www.facebook.com\/aquamarinespacz\/","https:\/\/www.instagram.com\/aquamarinespacz\/","https:\/\/cz.pinterest.com\/aquamarinespa\/_created\/","https:\/\/www.youtube.com\/channel\/UCvQ2S0WBOTcT7OEAVfISYHg"]}]}},"_links":{"self":[{"href":"https:\/\/saunatao.com\/sk\/wp-json\/wp\/v2\/pages\/9404","targetHints":{"allow":["GET"]}}],"collection":[{"href":"https:\/\/saunatao.com\/sk\/wp-json\/wp\/v2\/pages"}],"about":[{"href":"https:\/\/saunatao.com\/sk\/wp-json\/wp\/v2\/types\/page"}],"author":[{"embeddable":true,"href":"https:\/\/saunatao.com\/sk\/wp-json\/wp\/v2\/users\/12"}],"replies":[{"embeddable":true,"href":"https:\/\/saunatao.com\/sk\/wp-json\/wp\/v2\/comments?post=9404"}],"version-history":[{"count":1,"href":"https:\/\/saunatao.com\/sk\/wp-json\/wp\/v2\/pages\/9404\/revisions"}],"predecessor-version":[{"id":9405,"href":"https:\/\/saunatao.com\/sk\/wp-json\/wp\/v2\/pages\/9404\/revisions\/9405"}],"wp:attachment":[{"href":"https:\/\/saunatao.com\/sk\/wp-json\/wp\/v2\/media?parent=9404"}],"curies":[{"name":"wp","href":"https:\/\/api.w.org\/{rel}","templated":true}]}}