{"id":7363,"date":"2022-09-21T14:36:52","date_gmt":"2022-09-21T14:36:52","guid":{"rendered":"https:\/\/saunatao.com\/dohodnut-si-schodzku\/"},"modified":"2024-07-26T14:22:10","modified_gmt":"2024-07-26T14:22:10","slug":"dohodnut-si-schodzku","status":"publish","type":"page","link":"https:\/\/saunatao.com\/sk\/dohodnut-si-schodzku\/","title":{"rendered":"Dohodn\u00fa\u0165 si sch\u00f4dzku"},"content":{"rendered":"<section class=\"section--catalogue section--light\">\n<div class=\"inner\">\n<h1 class=\"heading heading--bigger heading--center heading--black heading--underline\">Dohodn\u00fa\u0165 si sch\u00f4dzku<\/h1>\n<div class=\"row\">\n<div class=\"col-xs-12 col-sm-12 col-md-2 col-lg-2\"><\/div>\n<div class=\"col-xs-12 col-sm-12 col-md-8 col-lg-8\">\n<p class=\"paragraph paragraph--medium align-center margin-top--05x\">M\u00e1te z\u00e1ujem o osobn\u00fa alebo on-line sch\u00f4dzku? Sta\u010d\u00ed vyplni\u0165 formul\u00e1r. <strong>Odpovieme v\u00e1m hne\u010f, ako to bude mo\u017en\u00e9.<\/strong> Ak preferujete telefonick\u00fd kontakt, nev\u00e1hajte n\u00e1m zanecha\u0165 va\u0161e \u010d\u00edslo, aby sme v\u00e1s mohli kontaktova\u0165.<\/p>\n<\/div>\n<div class=\"col-xs-12 col-sm-12 col-md-2 col-lg-2\"><\/div>\n<\/div>\n<div class=\"section--catalogue-form section--queries-form\"><span class=\"paragraph paragraph--medium section--catalogue-form-required-data input-required\">Povinn\u00e9 pol\u00ed\u010dko<\/span><div class=\"boost-space-forms\" id=\"bsf-id-11\"><\/div><script src=\"https:\/\/tao.boost.space\/api\/custom_form.js?id=11&integrity=06005312913ad415df0535893a2bfd9b&el=bsf-id-11&callback=boostSpaceFormsInit&csubmit=boostSpaceFormsSuccessSubmit&lang=sk&v=0.4.9\" data-form=\"boost-space\"><\/script><\/div>\n<\/div>\n<p><!-- .inner --><br \/>\n<\/section>\n<p><!-- section products --><\/p>\n","protected":false},"excerpt":{"rendered":"Dohodn\u00fa\u0165 si sch\u00f4dzku M\u00e1te z\u00e1ujem o osobn\u00fa alebo on-line sch\u00f4dzku? Sta\u010d\u00ed vyplni\u0165 formul\u00e1r. Odpovieme v\u00e1m hne\u010f, ako to bude mo\u017en\u00e9. Ak preferujete telefonick\u00fd kontakt, nev\u00e1hajte n\u00e1m zanecha\u0165 va\u0161e \u010d\u00edslo, aby sme v\u00e1s mohli kontaktova\u0165. Povinn\u00e9 pol\u00ed\u010dko","protected":false},"author":1,"featured_media":0,"parent":0,"menu_order":0,"comment_status":"closed","ping_status":"closed","template":"","meta":{"_acf_changed":false,"footnotes":""},"class_list":["post-7363","page","type-page","status-publish","hentry"],"acf":[],"yoast_head":"<!-- This site is optimized with the Yoast SEO plugin v27.3 - https:\/\/yoast.com\/product\/yoast-seo-wordpress\/ -->\n<title>Dohodn\u00fa\u0165 si sch\u00f4dzku \u2248 Sauna TAO<\/title>\n<meta name=\"description\" content=\"M\u00e1te z\u00e1ujem o osobn\u00e9 alebo online stretnutie? Sta\u010d\u00ed vyplni\u0165 formul\u00e1r. Odpovieme v\u00e1m \u010do najsk\u00f4r.\" \/>\n<meta name=\"robots\" content=\"index, follow, max-snippet:-1, max-image-preview:large, max-video-preview:-1\" \/>\n<link rel=\"canonical\" href=\"https:\/\/saunatao.com\/sk\/dohodnut-si-schodzku\/\" \/>\n<meta property=\"og:locale\" content=\"sk_SK\" \/>\n<meta property=\"og:type\" content=\"article\" \/>\n<meta property=\"og:title\" content=\"Dohodn\u00fa\u0165 si sch\u00f4dzku \u2248 Sauna TAO\" \/>\n<meta property=\"og:description\" content=\"M\u00e1te z\u00e1ujem o osobn\u00e9 alebo online stretnutie? Sta\u010d\u00ed vyplni\u0165 formul\u00e1r. Odpovieme v\u00e1m \u010do najsk\u00f4r.\" \/>\n<meta property=\"og:url\" content=\"https:\/\/saunatao.com\/sk\/dohodnut-si-schodzku\/\" \/>\n<meta property=\"og:site_name\" content=\"Aquamarine Spa\" \/>\n<meta property=\"article:publisher\" content=\"https:\/\/www.facebook.com\/aquamarinespacz\/\" \/>\n<meta property=\"article:modified_time\" content=\"2024-07-26T14:22:10+00:00\" \/>\n<meta name=\"twitter:card\" content=\"summary_large_image\" \/>\n<meta name=\"twitter:label1\" content=\"Predpokladan\u00fd \u010das \u010d\u00edtania\" \/>\n\t<meta name=\"twitter:data1\" content=\"1 min\u00fata\" \/>\n<script type=\"application\/ld+json\" class=\"yoast-schema-graph\">{\"@context\":\"https:\\\/\\\/schema.org\",\"@graph\":[{\"@type\":\"WebPage\",\"@id\":\"https:\\\/\\\/saunatao.com\\\/sk\\\/dohodnut-si-schodzku\\\/\",\"url\":\"https:\\\/\\\/saunatao.com\\\/sk\\\/dohodnut-si-schodzku\\\/\",\"name\":\"Dohodn\u00fa\u0165 si sch\u00f4dzku \u2248 Sauna TAO\",\"isPartOf\":{\"@id\":\"https:\\\/\\\/saunatao.com\\\/sk\\\/#website\"},\"datePublished\":\"2022-09-21T14:36:52+00:00\",\"dateModified\":\"2024-07-26T14:22:10+00:00\",\"description\":\"M\u00e1te z\u00e1ujem o osobn\u00e9 alebo online stretnutie? Sta\u010d\u00ed vyplni\u0165 formul\u00e1r. Odpovieme v\u00e1m \u010do najsk\u00f4r.\",\"breadcrumb\":{\"@id\":\"https:\\\/\\\/saunatao.com\\\/sk\\\/dohodnut-si-schodzku\\\/#breadcrumb\"},\"inLanguage\":\"sk-SK\",\"potentialAction\":[{\"@type\":\"ReadAction\",\"target\":[\"https:\\\/\\\/saunatao.com\\\/sk\\\/dohodnut-si-schodzku\\\/\"]}]},{\"@type\":\"BreadcrumbList\",\"@id\":\"https:\\\/\\\/saunatao.com\\\/sk\\\/dohodnut-si-schodzku\\\/#breadcrumb\",\"itemListElement\":[{\"@type\":\"ListItem\",\"position\":1,\"name\":\"Home\",\"item\":\"https:\\\/\\\/saunatao.com\\\/sk\\\/\"},{\"@type\":\"ListItem\",\"position\":2,\"name\":\"Dohodn\u00fa\u0165 si sch\u00f4dzku\"}]},{\"@type\":\"WebSite\",\"@id\":\"https:\\\/\\\/saunatao.com\\\/sk\\\/#website\",\"url\":\"https:\\\/\\\/saunatao.com\\\/sk\\\/\",\"name\":\"Aquamarine Spa\",\"description\":\"Za\u017eite pocit dokonalosti\",\"publisher\":{\"@id\":\"https:\\\/\\\/saunatao.com\\\/sk\\\/#organization\"},\"potentialAction\":[{\"@type\":\"SearchAction\",\"target\":{\"@type\":\"EntryPoint\",\"urlTemplate\":\"https:\\\/\\\/saunatao.com\\\/sk\\\/?s={search_term_string}\"},\"query-input\":{\"@type\":\"PropertyValueSpecification\",\"valueRequired\":true,\"valueName\":\"search_term_string\"}}],\"inLanguage\":\"sk-SK\"},{\"@type\":\"Organization\",\"@id\":\"https:\\\/\\\/saunatao.com\\\/sk\\\/#organization\",\"name\":\"Aquamarine Spa\",\"url\":\"https:\\\/\\\/saunatao.com\\\/sk\\\/\",\"logo\":{\"@type\":\"ImageObject\",\"inLanguage\":\"sk-SK\",\"@id\":\"https:\\\/\\\/saunatao.com\\\/sk\\\/#\\\/schema\\\/logo\\\/image\\\/\",\"url\":\"https:\\\/\\\/saunatao.com\\\/wp-content\\\/uploads\\\/2021\\\/10\\\/aquamarinespa-logo.jpg\",\"contentUrl\":\"https:\\\/\\\/saunatao.com\\\/wp-content\\\/uploads\\\/2021\\\/10\\\/aquamarinespa-logo.jpg\",\"width\":1018,\"height\":499,\"caption\":\"Aquamarine Spa\"},\"image\":{\"@id\":\"https:\\\/\\\/saunatao.com\\\/sk\\\/#\\\/schema\\\/logo\\\/image\\\/\"},\"sameAs\":[\"https:\\\/\\\/www.facebook.com\\\/aquamarinespacz\\\/\",\"https:\\\/\\\/www.instagram.com\\\/aquamarinespacz\\\/\",\"https:\\\/\\\/cz.pinterest.com\\\/aquamarinespa\\\/_created\\\/\",\"https:\\\/\\\/www.youtube.com\\\/channel\\\/UCvQ2S0WBOTcT7OEAVfISYHg\"]}]}<\/script>\n<!-- \/ Yoast SEO plugin. -->","yoast_head_json":{"title":"Dohodn\u00fa\u0165 si sch\u00f4dzku \u2248 Sauna TAO","description":"M\u00e1te z\u00e1ujem o osobn\u00e9 alebo online stretnutie? Sta\u010d\u00ed vyplni\u0165 formul\u00e1r. Odpovieme v\u00e1m \u010do najsk\u00f4r.","robots":{"index":"index","follow":"follow","max-snippet":"max-snippet:-1","max-image-preview":"max-image-preview:large","max-video-preview":"max-video-preview:-1"},"canonical":"https:\/\/saunatao.com\/sk\/dohodnut-si-schodzku\/","og_locale":"sk_SK","og_type":"article","og_title":"Dohodn\u00fa\u0165 si sch\u00f4dzku \u2248 Sauna TAO","og_description":"M\u00e1te z\u00e1ujem o osobn\u00e9 alebo online stretnutie? Sta\u010d\u00ed vyplni\u0165 formul\u00e1r. Odpovieme v\u00e1m \u010do najsk\u00f4r.","og_url":"https:\/\/saunatao.com\/sk\/dohodnut-si-schodzku\/","og_site_name":"Aquamarine Spa","article_publisher":"https:\/\/www.facebook.com\/aquamarinespacz\/","article_modified_time":"2024-07-26T14:22:10+00:00","twitter_card":"summary_large_image","twitter_misc":{"Predpokladan\u00fd \u010das \u010d\u00edtania":"1 min\u00fata"},"schema":{"@context":"https:\/\/schema.org","@graph":[{"@type":"WebPage","@id":"https:\/\/saunatao.com\/sk\/dohodnut-si-schodzku\/","url":"https:\/\/saunatao.com\/sk\/dohodnut-si-schodzku\/","name":"Dohodn\u00fa\u0165 si sch\u00f4dzku \u2248 Sauna TAO","isPartOf":{"@id":"https:\/\/saunatao.com\/sk\/#website"},"datePublished":"2022-09-21T14:36:52+00:00","dateModified":"2024-07-26T14:22:10+00:00","description":"M\u00e1te z\u00e1ujem o osobn\u00e9 alebo online stretnutie? Sta\u010d\u00ed vyplni\u0165 formul\u00e1r. Odpovieme v\u00e1m \u010do najsk\u00f4r.","breadcrumb":{"@id":"https:\/\/saunatao.com\/sk\/dohodnut-si-schodzku\/#breadcrumb"},"inLanguage":"sk-SK","potentialAction":[{"@type":"ReadAction","target":["https:\/\/saunatao.com\/sk\/dohodnut-si-schodzku\/"]}]},{"@type":"BreadcrumbList","@id":"https:\/\/saunatao.com\/sk\/dohodnut-si-schodzku\/#breadcrumb","itemListElement":[{"@type":"ListItem","position":1,"name":"Home","item":"https:\/\/saunatao.com\/sk\/"},{"@type":"ListItem","position":2,"name":"Dohodn\u00fa\u0165 si sch\u00f4dzku"}]},{"@type":"WebSite","@id":"https:\/\/saunatao.com\/sk\/#website","url":"https:\/\/saunatao.com\/sk\/","name":"Aquamarine Spa","description":"Za\u017eite pocit dokonalosti","publisher":{"@id":"https:\/\/saunatao.com\/sk\/#organization"},"potentialAction":[{"@type":"SearchAction","target":{"@type":"EntryPoint","urlTemplate":"https:\/\/saunatao.com\/sk\/?s={search_term_string}"},"query-input":{"@type":"PropertyValueSpecification","valueRequired":true,"valueName":"search_term_string"}}],"inLanguage":"sk-SK"},{"@type":"Organization","@id":"https:\/\/saunatao.com\/sk\/#organization","name":"Aquamarine Spa","url":"https:\/\/saunatao.com\/sk\/","logo":{"@type":"ImageObject","inLanguage":"sk-SK","@id":"https:\/\/saunatao.com\/sk\/#\/schema\/logo\/image\/","url":"https:\/\/saunatao.com\/wp-content\/uploads\/2021\/10\/aquamarinespa-logo.jpg","contentUrl":"https:\/\/saunatao.com\/wp-content\/uploads\/2021\/10\/aquamarinespa-logo.jpg","width":1018,"height":499,"caption":"Aquamarine Spa"},"image":{"@id":"https:\/\/saunatao.com\/sk\/#\/schema\/logo\/image\/"},"sameAs":["https:\/\/www.facebook.com\/aquamarinespacz\/","https:\/\/www.instagram.com\/aquamarinespacz\/","https:\/\/cz.pinterest.com\/aquamarinespa\/_created\/","https:\/\/www.youtube.com\/channel\/UCvQ2S0WBOTcT7OEAVfISYHg"]}]}},"_links":{"self":[{"href":"https:\/\/saunatao.com\/sk\/wp-json\/wp\/v2\/pages\/7363","targetHints":{"allow":["GET"]}}],"collection":[{"href":"https:\/\/saunatao.com\/sk\/wp-json\/wp\/v2\/pages"}],"about":[{"href":"https:\/\/saunatao.com\/sk\/wp-json\/wp\/v2\/types\/page"}],"author":[{"embeddable":true,"href":"https:\/\/saunatao.com\/sk\/wp-json\/wp\/v2\/users\/1"}],"replies":[{"embeddable":true,"href":"https:\/\/saunatao.com\/sk\/wp-json\/wp\/v2\/comments?post=7363"}],"version-history":[{"count":6,"href":"https:\/\/saunatao.com\/sk\/wp-json\/wp\/v2\/pages\/7363\/revisions"}],"predecessor-version":[{"id":9707,"href":"https:\/\/saunatao.com\/sk\/wp-json\/wp\/v2\/pages\/7363\/revisions\/9707"}],"wp:attachment":[{"href":"https:\/\/saunatao.com\/sk\/wp-json\/wp\/v2\/media?parent=7363"}],"curies":[{"name":"wp","href":"https:\/\/api.w.org\/{rel}","templated":true}]}}