{"id":7356,"date":"2022-09-21T14:27:30","date_gmt":"2022-09-21T14:27:30","guid":{"rendered":"https:\/\/saunatao.com\/zasady-zpracovani-osobnich-udaju\/"},"modified":"2023-10-18T14:19:42","modified_gmt":"2023-10-18T14:19:42","slug":"zasady-spracovania-osobnych-udajov","status":"publish","type":"page","link":"https:\/\/saunatao.com\/sk\/zasady-spracovania-osobnych-udajov\/","title":{"rendered":"Z\u00e1sady spracovania osobn\u00fdch \u00fadajov"},"content":{"rendered":"<section class=\"section--catalogue section--light\">\n<div class=\"inner\">\n<h1 class=\"heading heading--bigger heading--center heading--black heading--underline\">Z\u00e1sady spracovania osobn\u00fdch \u00fadajov <\/h1>\n<p><object data=\"https:\/\/saunatao.com\/wp-content\/uploads\/2023\/10\/Zasady-spracovania-osobnych-udajov-TAO-SK.pdf\" type=\"application\/pdf\" width=\"100%;\" height=\"1100px;\"><iframe loading=\"lazy\" src=\"https:\/\/saunatao.com\/wp-content\/uploads\/2023\/10\/Zasady-spracovania-osobnych-udajov-TAO-SK.pdf\" width=\"100%\" height=\"100%\" style=\"border: none;\"><br \/>\nThis browser does not support PDFs. Please download the PDF to view it: &lt;a href=&#8220;https:\/\/saunatao.com\/wp-content\/uploads\/2023\/10\/Zasady-spracovania-osobnych-udajov-TAO-SK.pdf&#8220;&gt;Download PDF&lt;\/a&gt;<br \/>\n<\/iframe><\/object><\/p>\n<h2 class=\"heading heading--center heading--black heading--underline margin-top--2x\">Vyu\u017e\u00edvanie s\u00faborov cookies<\/h2>\n<p><object data=\"https:\/\/saunatao.com\/wp-content\/uploads\/2023\/10\/Cookies-TAO-SK.pdf\" type=\"application\/pdf\" width=\"100%;\" height=\"1100px;\"><iframe loading=\"lazy\" src=\"https:\/\/saunatao.com\/wp-content\/uploads\/2023\/10\/Cookies-TAO-SK.pdf\" width=\"100%\" height=\"100%\" style=\"border: none;\"><br \/>\nThis browser does not support PDFs. Please download the PDF to view it: &lt;a href=&#8220;https:\/\/saunatao.com\/wp-content\/uploads\/2023\/10\/Cookies-TAO-SK.pdf&#8220;&gt;Download PDF&lt;\/a&gt;<br \/>\n<\/iframe><\/object><\/p>\n<h2 class=\"heading heading--center heading--black heading--underline margin-top--2x\">GDPR \u017eiadosti<\/h2>\n<table style=\"width:100%;max-width:540px;margin:auto;\">\n<tr>\n<td><span class=\"paragraph\"><strong>\u017diados\u0165 o obmedzenie<\/strong><\/span><\/td>\n<td><a target=\"_blank\" rel=\"nofollow noreferer noopener\" href=\"https:\/\/saunatao.com\/wp-content\/uploads\/2023\/10\/Ziadost-o-obmedzenie-TAO-SK.pdf\" class=\"button margin-top--05x\">Stiahnu\u0165(PDF)<\/a><\/td>\n<\/tr>\n<tr>\n<td><span class=\"paragraph\"><strong>\u017diados\u0165 o opravu<\/strong><\/span><\/td>\n<td><a target=\"_blank\" rel=\"nofollow noreferer noopener\" href=\"https:\/\/saunatao.com\/wp-content\/uploads\/2023\/10\/Ziadost-o-opravu-TAO-SK.pdf\" class=\"button margin-top--05x\">Stiahnu\u0165(PDF)<\/a><\/td>\n<\/tr>\n<tr>\n<td><span class=\"paragraph\"><strong>\u017diados\u0165 o prenosite\u013enos\u0165 <\/strong><\/span><\/td>\n<td><a target=\"_blank\" rel=\"nofollow noreferer noopener\" href=\"https:\/\/saunatao.com\/wp-content\/uploads\/2023\/10\/Ziadost-o-prenositelnost-TAO-SK.pdf\" class=\"button margin-top--05x\">Stiahnu\u0165(PDF)<\/a><\/td>\n<\/tr>\n<tr>\n<td><span class=\"paragraph\"><strong>\u017diados\u0165 o pr\u00edstup<\/strong><\/span><\/td>\n<td><a target=\"_blank\" rel=\"nofollow noreferer noopener\" href=\"https:\/\/saunatao.com\/wp-content\/uploads\/2023\/10\/Ziadost-o-pristup-TAO-SK.pdf\" class=\"button margin-top--05x\">Stiahnu\u0165(PDF)<\/a><\/td>\n<\/tr>\n<tr>\n<td><span class=\"paragraph\"><strong>\u017diados\u0165 o n\u00e1mietku<\/strong><\/span><\/td>\n<td><a target=\"_blank\" rel=\"nofollow noreferer noopener\" href=\"https:\/\/saunatao.com\/wp-content\/uploads\/2023\/10\/Ziadost-o-namietku-TAO-SK.pdf\" class=\"button margin-top--05x\">Stiahnu\u0165(PDF)<\/a><\/td>\n<\/tr>\n<tr>\n<td><span class=\"paragraph\"><strong>\u017diados\u0165 o vymazanie<\/strong><\/span><\/td>\n<td><a target=\"_blank\" rel=\"nofollow noreferer noopener\" href=\"https:\/\/saunatao.com\/wp-content\/uploads\/2023\/10\/Ziadost-o-vymazanie-TAO-SK.pdf\" class=\"button margin-top--05x\">Stiahnu\u0165(PDF)<\/a><\/td>\n<\/tr>\n<\/table>\n<\/div>\n<p> <!-- .inner --><br \/>\n<\/section>\n<p> <!-- section products --><\/p>\n","protected":false},"excerpt":{"rendered":"Z\u00e1sady spracovania osobn\u00fdch \u00fadajov This browser does not support PDFs. Please download the PDF to view it: &lt;a href=&#8220;https:\/\/saunatao.com\/wp-content\/uploads\/2023\/10\/Zasady-spracovania-osobnych-udajov-TAO-SK.pdf&#8220;&gt;Download PDF&lt;\/a&gt; Vyu\u017e\u00edvanie s\u00faborov cookies This browser does not support PDFs. Please download the PDF to view it: &lt;a href=&#8220;https:\/\/saunatao.com\/wp-content\/uploads\/2023\/10\/Cookies-TAO-SK.pdf&#8220;&gt;Download PDF&lt;\/a&gt; GDPR \u017eiadosti \u017diados\u0165 o obmedzenieStiahnu\u0165(PDF) \u017diados\u0165 o opravuStiahnu\u0165(PDF) \u017diados\u0165 o prenosite\u013enos\u0165 Stiahnu\u0165(PDF) \u017diados\u0165 o pr\u00edstupStiahnu\u0165(PDF) \u017diados\u0165 [&hellip;]","protected":false},"author":1,"featured_media":0,"parent":0,"menu_order":0,"comment_status":"closed","ping_status":"closed","template":"","meta":{"_acf_changed":false,"footnotes":""},"class_list":["post-7356","page","type-page","status-publish","hentry"],"acf":[],"yoast_head":"<!-- This site is optimized with the Yoast SEO plugin v27.3 - https:\/\/yoast.com\/product\/yoast-seo-wordpress\/ -->\n<title>Z\u00e1sady spracovania osobn\u00fdch \u00fadajov | Sauna TAO<\/title>\n<meta name=\"robots\" content=\"index, follow, max-snippet:-1, max-image-preview:large, max-video-preview:-1\" \/>\n<link rel=\"canonical\" href=\"https:\/\/saunatao.com\/sk\/zasady-spracovania-osobnych-udajov\/\" \/>\n<meta property=\"og:locale\" content=\"sk_SK\" \/>\n<meta property=\"og:type\" content=\"article\" \/>\n<meta property=\"og:title\" content=\"Z\u00e1sady spracovania osobn\u00fdch \u00fadajov | Sauna TAO\" \/>\n<meta property=\"og:description\" content=\"Z\u00e1sady spracovania osobn\u00fdch \u00fadajov This browser does not support PDFs. Please download the PDF to view it: &lt;a href=&#8220;https:\/\/saunatao.com\/wp-content\/uploads\/2023\/10\/Zasady-spracovania-osobnych-udajov-TAO-SK.pdf&#8220;&gt;Download PDF&lt;\/a&gt; Vyu\u017e\u00edvanie s\u00faborov cookies This browser does not support PDFs. Please download the PDF to view it: &lt;a href=&#8220;https:\/\/saunatao.com\/wp-content\/uploads\/2023\/10\/Cookies-TAO-SK.pdf&#8220;&gt;Download PDF&lt;\/a&gt; GDPR \u017eiadosti \u017diados\u0165 o obmedzenieStiahnu\u0165(PDF) \u017diados\u0165 o opravuStiahnu\u0165(PDF) \u017diados\u0165 o prenosite\u013enos\u0165 Stiahnu\u0165(PDF) \u017diados\u0165 o pr\u00edstupStiahnu\u0165(PDF) \u017diados\u0165 [&hellip;]\" \/>\n<meta property=\"og:url\" content=\"https:\/\/saunatao.com\/sk\/zasady-spracovania-osobnych-udajov\/\" \/>\n<meta property=\"og:site_name\" content=\"Aquamarine Spa\" \/>\n<meta property=\"article:publisher\" content=\"https:\/\/www.facebook.com\/aquamarinespacz\/\" \/>\n<meta property=\"article:modified_time\" content=\"2023-10-18T14:19:42+00:00\" \/>\n<meta name=\"twitter:card\" content=\"summary_large_image\" \/>\n<meta name=\"twitter:label1\" content=\"Predpokladan\u00fd \u010das \u010d\u00edtania\" \/>\n\t<meta name=\"twitter:data1\" content=\"1 min\u00fata\" \/>\n<script type=\"application\/ld+json\" class=\"yoast-schema-graph\">{\"@context\":\"https:\\\/\\\/schema.org\",\"@graph\":[{\"@type\":\"WebPage\",\"@id\":\"https:\\\/\\\/saunatao.com\\\/sk\\\/zasady-spracovania-osobnych-udajov\\\/\",\"url\":\"https:\\\/\\\/saunatao.com\\\/sk\\\/zasady-spracovania-osobnych-udajov\\\/\",\"name\":\"Z\u00e1sady spracovania osobn\u00fdch \u00fadajov | Sauna TAO\",\"isPartOf\":{\"@id\":\"https:\\\/\\\/saunatao.com\\\/sk\\\/#website\"},\"datePublished\":\"2022-09-21T14:27:30+00:00\",\"dateModified\":\"2023-10-18T14:19:42+00:00\",\"breadcrumb\":{\"@id\":\"https:\\\/\\\/saunatao.com\\\/sk\\\/zasady-spracovania-osobnych-udajov\\\/#breadcrumb\"},\"inLanguage\":\"sk-SK\",\"potentialAction\":[{\"@type\":\"ReadAction\",\"target\":[\"https:\\\/\\\/saunatao.com\\\/sk\\\/zasady-spracovania-osobnych-udajov\\\/\"]}]},{\"@type\":\"BreadcrumbList\",\"@id\":\"https:\\\/\\\/saunatao.com\\\/sk\\\/zasady-spracovania-osobnych-udajov\\\/#breadcrumb\",\"itemListElement\":[{\"@type\":\"ListItem\",\"position\":1,\"name\":\"Home\",\"item\":\"https:\\\/\\\/saunatao.com\\\/sk\\\/\"},{\"@type\":\"ListItem\",\"position\":2,\"name\":\"Z\u00e1sady spracovania osobn\u00fdch \u00fadajov\"}]},{\"@type\":\"WebSite\",\"@id\":\"https:\\\/\\\/saunatao.com\\\/sk\\\/#website\",\"url\":\"https:\\\/\\\/saunatao.com\\\/sk\\\/\",\"name\":\"Aquamarine Spa\",\"description\":\"Za\u017eite pocit dokonalosti\",\"publisher\":{\"@id\":\"https:\\\/\\\/saunatao.com\\\/sk\\\/#organization\"},\"potentialAction\":[{\"@type\":\"SearchAction\",\"target\":{\"@type\":\"EntryPoint\",\"urlTemplate\":\"https:\\\/\\\/saunatao.com\\\/sk\\\/?s={search_term_string}\"},\"query-input\":{\"@type\":\"PropertyValueSpecification\",\"valueRequired\":true,\"valueName\":\"search_term_string\"}}],\"inLanguage\":\"sk-SK\"},{\"@type\":\"Organization\",\"@id\":\"https:\\\/\\\/saunatao.com\\\/sk\\\/#organization\",\"name\":\"Aquamarine Spa\",\"url\":\"https:\\\/\\\/saunatao.com\\\/sk\\\/\",\"logo\":{\"@type\":\"ImageObject\",\"inLanguage\":\"sk-SK\",\"@id\":\"https:\\\/\\\/saunatao.com\\\/sk\\\/#\\\/schema\\\/logo\\\/image\\\/\",\"url\":\"https:\\\/\\\/saunatao.com\\\/wp-content\\\/uploads\\\/2021\\\/10\\\/aquamarinespa-logo.jpg\",\"contentUrl\":\"https:\\\/\\\/saunatao.com\\\/wp-content\\\/uploads\\\/2021\\\/10\\\/aquamarinespa-logo.jpg\",\"width\":1018,\"height\":499,\"caption\":\"Aquamarine Spa\"},\"image\":{\"@id\":\"https:\\\/\\\/saunatao.com\\\/sk\\\/#\\\/schema\\\/logo\\\/image\\\/\"},\"sameAs\":[\"https:\\\/\\\/www.facebook.com\\\/aquamarinespacz\\\/\",\"https:\\\/\\\/www.instagram.com\\\/aquamarinespacz\\\/\",\"https:\\\/\\\/cz.pinterest.com\\\/aquamarinespa\\\/_created\\\/\",\"https:\\\/\\\/www.youtube.com\\\/channel\\\/UCvQ2S0WBOTcT7OEAVfISYHg\"]}]}<\/script>\n<!-- \/ Yoast SEO plugin. -->","yoast_head_json":{"title":"Z\u00e1sady spracovania osobn\u00fdch \u00fadajov | Sauna TAO","robots":{"index":"index","follow":"follow","max-snippet":"max-snippet:-1","max-image-preview":"max-image-preview:large","max-video-preview":"max-video-preview:-1"},"canonical":"https:\/\/saunatao.com\/sk\/zasady-spracovania-osobnych-udajov\/","og_locale":"sk_SK","og_type":"article","og_title":"Z\u00e1sady spracovania osobn\u00fdch \u00fadajov | Sauna TAO","og_description":"Z\u00e1sady spracovania osobn\u00fdch \u00fadajov This browser does not support PDFs. Please download the PDF to view it: &lt;a href=&#8220;https:\/\/saunatao.com\/wp-content\/uploads\/2023\/10\/Zasady-spracovania-osobnych-udajov-TAO-SK.pdf&#8220;&gt;Download PDF&lt;\/a&gt; Vyu\u017e\u00edvanie s\u00faborov cookies This browser does not support PDFs. Please download the PDF to view it: &lt;a href=&#8220;https:\/\/saunatao.com\/wp-content\/uploads\/2023\/10\/Cookies-TAO-SK.pdf&#8220;&gt;Download PDF&lt;\/a&gt; GDPR \u017eiadosti \u017diados\u0165 o obmedzenieStiahnu\u0165(PDF) \u017diados\u0165 o opravuStiahnu\u0165(PDF) \u017diados\u0165 o prenosite\u013enos\u0165 Stiahnu\u0165(PDF) \u017diados\u0165 o pr\u00edstupStiahnu\u0165(PDF) \u017diados\u0165 [&hellip;]","og_url":"https:\/\/saunatao.com\/sk\/zasady-spracovania-osobnych-udajov\/","og_site_name":"Aquamarine Spa","article_publisher":"https:\/\/www.facebook.com\/aquamarinespacz\/","article_modified_time":"2023-10-18T14:19:42+00:00","twitter_card":"summary_large_image","twitter_misc":{"Predpokladan\u00fd \u010das \u010d\u00edtania":"1 min\u00fata"},"schema":{"@context":"https:\/\/schema.org","@graph":[{"@type":"WebPage","@id":"https:\/\/saunatao.com\/sk\/zasady-spracovania-osobnych-udajov\/","url":"https:\/\/saunatao.com\/sk\/zasady-spracovania-osobnych-udajov\/","name":"Z\u00e1sady spracovania osobn\u00fdch \u00fadajov | Sauna TAO","isPartOf":{"@id":"https:\/\/saunatao.com\/sk\/#website"},"datePublished":"2022-09-21T14:27:30+00:00","dateModified":"2023-10-18T14:19:42+00:00","breadcrumb":{"@id":"https:\/\/saunatao.com\/sk\/zasady-spracovania-osobnych-udajov\/#breadcrumb"},"inLanguage":"sk-SK","potentialAction":[{"@type":"ReadAction","target":["https:\/\/saunatao.com\/sk\/zasady-spracovania-osobnych-udajov\/"]}]},{"@type":"BreadcrumbList","@id":"https:\/\/saunatao.com\/sk\/zasady-spracovania-osobnych-udajov\/#breadcrumb","itemListElement":[{"@type":"ListItem","position":1,"name":"Home","item":"https:\/\/saunatao.com\/sk\/"},{"@type":"ListItem","position":2,"name":"Z\u00e1sady spracovania osobn\u00fdch \u00fadajov"}]},{"@type":"WebSite","@id":"https:\/\/saunatao.com\/sk\/#website","url":"https:\/\/saunatao.com\/sk\/","name":"Aquamarine Spa","description":"Za\u017eite pocit dokonalosti","publisher":{"@id":"https:\/\/saunatao.com\/sk\/#organization"},"potentialAction":[{"@type":"SearchAction","target":{"@type":"EntryPoint","urlTemplate":"https:\/\/saunatao.com\/sk\/?s={search_term_string}"},"query-input":{"@type":"PropertyValueSpecification","valueRequired":true,"valueName":"search_term_string"}}],"inLanguage":"sk-SK"},{"@type":"Organization","@id":"https:\/\/saunatao.com\/sk\/#organization","name":"Aquamarine Spa","url":"https:\/\/saunatao.com\/sk\/","logo":{"@type":"ImageObject","inLanguage":"sk-SK","@id":"https:\/\/saunatao.com\/sk\/#\/schema\/logo\/image\/","url":"https:\/\/saunatao.com\/wp-content\/uploads\/2021\/10\/aquamarinespa-logo.jpg","contentUrl":"https:\/\/saunatao.com\/wp-content\/uploads\/2021\/10\/aquamarinespa-logo.jpg","width":1018,"height":499,"caption":"Aquamarine Spa"},"image":{"@id":"https:\/\/saunatao.com\/sk\/#\/schema\/logo\/image\/"},"sameAs":["https:\/\/www.facebook.com\/aquamarinespacz\/","https:\/\/www.instagram.com\/aquamarinespacz\/","https:\/\/cz.pinterest.com\/aquamarinespa\/_created\/","https:\/\/www.youtube.com\/channel\/UCvQ2S0WBOTcT7OEAVfISYHg"]}]}},"_links":{"self":[{"href":"https:\/\/saunatao.com\/sk\/wp-json\/wp\/v2\/pages\/7356","targetHints":{"allow":["GET"]}}],"collection":[{"href":"https:\/\/saunatao.com\/sk\/wp-json\/wp\/v2\/pages"}],"about":[{"href":"https:\/\/saunatao.com\/sk\/wp-json\/wp\/v2\/types\/page"}],"author":[{"embeddable":true,"href":"https:\/\/saunatao.com\/sk\/wp-json\/wp\/v2\/users\/1"}],"replies":[{"embeddable":true,"href":"https:\/\/saunatao.com\/sk\/wp-json\/wp\/v2\/comments?post=7356"}],"version-history":[{"count":8,"href":"https:\/\/saunatao.com\/sk\/wp-json\/wp\/v2\/pages\/7356\/revisions"}],"predecessor-version":[{"id":9761,"href":"https:\/\/saunatao.com\/sk\/wp-json\/wp\/v2\/pages\/7356\/revisions\/9761"}],"wp:attachment":[{"href":"https:\/\/saunatao.com\/sk\/wp-json\/wp\/v2\/media?parent=7356"}],"curies":[{"name":"wp","href":"https:\/\/api.w.org\/{rel}","templated":true}]}}