{"id":7248,"date":"2022-09-21T10:09:19","date_gmt":"2022-09-21T10:09:19","guid":{"rendered":"https:\/\/saunatao.com\/kontakt\/"},"modified":"2024-07-26T14:35:27","modified_gmt":"2024-07-26T14:35:27","slug":"kontakt","status":"publish","type":"page","link":"https:\/\/saunatao.com\/sk\/kontakt\/","title":{"rendered":"Kontakt"},"content":{"rendered":"","protected":false},"excerpt":{"rendered":"","protected":false},"author":1,"featured_media":0,"parent":0,"menu_order":0,"comment_status":"closed","ping_status":"closed","template":"contact.php","meta":{"_acf_changed":false,"footnotes":""},"class_list":["post-7248","page","type-page","status-publish","hentry"],"acf":[],"yoast_head":"<!-- This site is optimized with the Yoast SEO plugin v27.3 - https:\/\/yoast.com\/product\/yoast-seo-wordpress\/ -->\n<title>Kontaktn\u00e9 inform\u00e1cie \u2248 Sauna TAO<\/title>\n<meta name=\"description\" content=\"Na\u0161a spolo\u010dnos\u0165 je hrd\u00fdm \u010dlenom skupiny IMAGINOX. Kontaktujte n\u00e1s pre viac inform\u00e1ci\u00ed alebo nav\u0161t\u00edvte n\u00e1\u0161 showroom vo Vrchotov\u00fdch Janoviciach.\" \/>\n<meta name=\"robots\" content=\"index, follow, max-snippet:-1, max-image-preview:large, max-video-preview:-1\" \/>\n<link rel=\"canonical\" href=\"https:\/\/saunatao.com\/sk\/kontakt\/\" \/>\n<meta property=\"og:locale\" content=\"sk_SK\" \/>\n<meta property=\"og:type\" content=\"article\" \/>\n<meta property=\"og:title\" content=\"Kontaktn\u00e9 inform\u00e1cie \u2248 Sauna TAO\" \/>\n<meta property=\"og:description\" content=\"Na\u0161a spolo\u010dnos\u0165 je hrd\u00fdm \u010dlenom skupiny IMAGINOX. Kontaktujte n\u00e1s pre viac inform\u00e1ci\u00ed alebo nav\u0161t\u00edvte n\u00e1\u0161 showroom vo Vrchotov\u00fdch Janoviciach.\" \/>\n<meta property=\"og:url\" content=\"https:\/\/saunatao.com\/sk\/kontakt\/\" \/>\n<meta property=\"og:site_name\" content=\"Aquamarine Spa\" \/>\n<meta property=\"article:publisher\" content=\"https:\/\/www.facebook.com\/aquamarinespacz\/\" \/>\n<meta property=\"article:modified_time\" content=\"2024-07-26T14:35:27+00:00\" \/>\n<meta name=\"twitter:card\" content=\"summary_large_image\" \/>\n<script type=\"application\/ld+json\" class=\"yoast-schema-graph\">{\"@context\":\"https:\\\/\\\/schema.org\",\"@graph\":[{\"@type\":\"WebPage\",\"@id\":\"https:\\\/\\\/saunatao.com\\\/sk\\\/kontakt\\\/\",\"url\":\"https:\\\/\\\/saunatao.com\\\/sk\\\/kontakt\\\/\",\"name\":\"Kontaktn\u00e9 inform\u00e1cie \u2248 Sauna TAO\",\"isPartOf\":{\"@id\":\"https:\\\/\\\/saunatao.com\\\/sk\\\/#website\"},\"datePublished\":\"2022-09-21T10:09:19+00:00\",\"dateModified\":\"2024-07-26T14:35:27+00:00\",\"description\":\"Na\u0161a spolo\u010dnos\u0165 je hrd\u00fdm \u010dlenom skupiny IMAGINOX. Kontaktujte n\u00e1s pre viac inform\u00e1ci\u00ed alebo nav\u0161t\u00edvte n\u00e1\u0161 showroom vo Vrchotov\u00fdch Janoviciach.\",\"breadcrumb\":{\"@id\":\"https:\\\/\\\/saunatao.com\\\/sk\\\/kontakt\\\/#breadcrumb\"},\"inLanguage\":\"sk-SK\",\"potentialAction\":[{\"@type\":\"ReadAction\",\"target\":[\"https:\\\/\\\/saunatao.com\\\/sk\\\/kontakt\\\/\"]}]},{\"@type\":\"BreadcrumbList\",\"@id\":\"https:\\\/\\\/saunatao.com\\\/sk\\\/kontakt\\\/#breadcrumb\",\"itemListElement\":[{\"@type\":\"ListItem\",\"position\":1,\"name\":\"Home\",\"item\":\"https:\\\/\\\/saunatao.com\\\/sk\\\/\"},{\"@type\":\"ListItem\",\"position\":2,\"name\":\"Kontakt\"}]},{\"@type\":\"WebSite\",\"@id\":\"https:\\\/\\\/saunatao.com\\\/sk\\\/#website\",\"url\":\"https:\\\/\\\/saunatao.com\\\/sk\\\/\",\"name\":\"Aquamarine Spa\",\"description\":\"Za\u017eite pocit dokonalosti\",\"publisher\":{\"@id\":\"https:\\\/\\\/saunatao.com\\\/sk\\\/#organization\"},\"potentialAction\":[{\"@type\":\"SearchAction\",\"target\":{\"@type\":\"EntryPoint\",\"urlTemplate\":\"https:\\\/\\\/saunatao.com\\\/sk\\\/?s={search_term_string}\"},\"query-input\":{\"@type\":\"PropertyValueSpecification\",\"valueRequired\":true,\"valueName\":\"search_term_string\"}}],\"inLanguage\":\"sk-SK\"},{\"@type\":\"Organization\",\"@id\":\"https:\\\/\\\/saunatao.com\\\/sk\\\/#organization\",\"name\":\"Aquamarine Spa\",\"url\":\"https:\\\/\\\/saunatao.com\\\/sk\\\/\",\"logo\":{\"@type\":\"ImageObject\",\"inLanguage\":\"sk-SK\",\"@id\":\"https:\\\/\\\/saunatao.com\\\/sk\\\/#\\\/schema\\\/logo\\\/image\\\/\",\"url\":\"https:\\\/\\\/saunatao.com\\\/wp-content\\\/uploads\\\/2021\\\/10\\\/aquamarinespa-logo.jpg\",\"contentUrl\":\"https:\\\/\\\/saunatao.com\\\/wp-content\\\/uploads\\\/2021\\\/10\\\/aquamarinespa-logo.jpg\",\"width\":1018,\"height\":499,\"caption\":\"Aquamarine Spa\"},\"image\":{\"@id\":\"https:\\\/\\\/saunatao.com\\\/sk\\\/#\\\/schema\\\/logo\\\/image\\\/\"},\"sameAs\":[\"https:\\\/\\\/www.facebook.com\\\/aquamarinespacz\\\/\",\"https:\\\/\\\/www.instagram.com\\\/aquamarinespacz\\\/\",\"https:\\\/\\\/cz.pinterest.com\\\/aquamarinespa\\\/_created\\\/\",\"https:\\\/\\\/www.youtube.com\\\/channel\\\/UCvQ2S0WBOTcT7OEAVfISYHg\"]}]}<\/script>\n<!-- \/ Yoast SEO plugin. -->","yoast_head_json":{"title":"Kontaktn\u00e9 inform\u00e1cie \u2248 Sauna TAO","description":"Na\u0161a spolo\u010dnos\u0165 je hrd\u00fdm \u010dlenom skupiny IMAGINOX. Kontaktujte n\u00e1s pre viac inform\u00e1ci\u00ed alebo nav\u0161t\u00edvte n\u00e1\u0161 showroom vo Vrchotov\u00fdch Janoviciach.","robots":{"index":"index","follow":"follow","max-snippet":"max-snippet:-1","max-image-preview":"max-image-preview:large","max-video-preview":"max-video-preview:-1"},"canonical":"https:\/\/saunatao.com\/sk\/kontakt\/","og_locale":"sk_SK","og_type":"article","og_title":"Kontaktn\u00e9 inform\u00e1cie \u2248 Sauna TAO","og_description":"Na\u0161a spolo\u010dnos\u0165 je hrd\u00fdm \u010dlenom skupiny IMAGINOX. Kontaktujte n\u00e1s pre viac inform\u00e1ci\u00ed alebo nav\u0161t\u00edvte n\u00e1\u0161 showroom vo Vrchotov\u00fdch Janoviciach.","og_url":"https:\/\/saunatao.com\/sk\/kontakt\/","og_site_name":"Aquamarine Spa","article_publisher":"https:\/\/www.facebook.com\/aquamarinespacz\/","article_modified_time":"2024-07-26T14:35:27+00:00","twitter_card":"summary_large_image","schema":{"@context":"https:\/\/schema.org","@graph":[{"@type":"WebPage","@id":"https:\/\/saunatao.com\/sk\/kontakt\/","url":"https:\/\/saunatao.com\/sk\/kontakt\/","name":"Kontaktn\u00e9 inform\u00e1cie \u2248 Sauna TAO","isPartOf":{"@id":"https:\/\/saunatao.com\/sk\/#website"},"datePublished":"2022-09-21T10:09:19+00:00","dateModified":"2024-07-26T14:35:27+00:00","description":"Na\u0161a spolo\u010dnos\u0165 je hrd\u00fdm \u010dlenom skupiny IMAGINOX. Kontaktujte n\u00e1s pre viac inform\u00e1ci\u00ed alebo nav\u0161t\u00edvte n\u00e1\u0161 showroom vo Vrchotov\u00fdch Janoviciach.","breadcrumb":{"@id":"https:\/\/saunatao.com\/sk\/kontakt\/#breadcrumb"},"inLanguage":"sk-SK","potentialAction":[{"@type":"ReadAction","target":["https:\/\/saunatao.com\/sk\/kontakt\/"]}]},{"@type":"BreadcrumbList","@id":"https:\/\/saunatao.com\/sk\/kontakt\/#breadcrumb","itemListElement":[{"@type":"ListItem","position":1,"name":"Home","item":"https:\/\/saunatao.com\/sk\/"},{"@type":"ListItem","position":2,"name":"Kontakt"}]},{"@type":"WebSite","@id":"https:\/\/saunatao.com\/sk\/#website","url":"https:\/\/saunatao.com\/sk\/","name":"Aquamarine Spa","description":"Za\u017eite pocit dokonalosti","publisher":{"@id":"https:\/\/saunatao.com\/sk\/#organization"},"potentialAction":[{"@type":"SearchAction","target":{"@type":"EntryPoint","urlTemplate":"https:\/\/saunatao.com\/sk\/?s={search_term_string}"},"query-input":{"@type":"PropertyValueSpecification","valueRequired":true,"valueName":"search_term_string"}}],"inLanguage":"sk-SK"},{"@type":"Organization","@id":"https:\/\/saunatao.com\/sk\/#organization","name":"Aquamarine Spa","url":"https:\/\/saunatao.com\/sk\/","logo":{"@type":"ImageObject","inLanguage":"sk-SK","@id":"https:\/\/saunatao.com\/sk\/#\/schema\/logo\/image\/","url":"https:\/\/saunatao.com\/wp-content\/uploads\/2021\/10\/aquamarinespa-logo.jpg","contentUrl":"https:\/\/saunatao.com\/wp-content\/uploads\/2021\/10\/aquamarinespa-logo.jpg","width":1018,"height":499,"caption":"Aquamarine Spa"},"image":{"@id":"https:\/\/saunatao.com\/sk\/#\/schema\/logo\/image\/"},"sameAs":["https:\/\/www.facebook.com\/aquamarinespacz\/","https:\/\/www.instagram.com\/aquamarinespacz\/","https:\/\/cz.pinterest.com\/aquamarinespa\/_created\/","https:\/\/www.youtube.com\/channel\/UCvQ2S0WBOTcT7OEAVfISYHg"]}]}},"_links":{"self":[{"href":"https:\/\/saunatao.com\/sk\/wp-json\/wp\/v2\/pages\/7248","targetHints":{"allow":["GET"]}}],"collection":[{"href":"https:\/\/saunatao.com\/sk\/wp-json\/wp\/v2\/pages"}],"about":[{"href":"https:\/\/saunatao.com\/sk\/wp-json\/wp\/v2\/types\/page"}],"author":[{"embeddable":true,"href":"https:\/\/saunatao.com\/sk\/wp-json\/wp\/v2\/users\/1"}],"replies":[{"embeddable":true,"href":"https:\/\/saunatao.com\/sk\/wp-json\/wp\/v2\/comments?post=7248"}],"version-history":[{"count":1,"href":"https:\/\/saunatao.com\/sk\/wp-json\/wp\/v2\/pages\/7248\/revisions"}],"predecessor-version":[{"id":9278,"href":"https:\/\/saunatao.com\/sk\/wp-json\/wp\/v2\/pages\/7248\/revisions\/9278"}],"wp:attachment":[{"href":"https:\/\/saunatao.com\/sk\/wp-json\/wp\/v2\/media?parent=7248"}],"curies":[{"name":"wp","href":"https:\/\/api.w.org\/{rel}","templated":true}]}}