{"id":9849,"date":"2023-12-19T10:20:32","date_gmt":"2023-12-19T10:20:32","guid":{"rendered":"https:\/\/saunatao.com\/catalog-for-download\/"},"modified":"2024-07-26T14:04:52","modified_gmt":"2024-07-26T14:04:52","slug":"stahnout-katalog","status":"publish","type":"page","link":"https:\/\/saunatao.com\/cs\/stahnout-katalog\/","title":{"rendered":"St\u00e1hnout katalog"},"content":{"rendered":"<section class=\"section--catalogue section--light\">\n<div class=\"inner\">\n<h1 class=\"heading heading--bigger heading--center heading--black heading--underline\">St\u00e1hnout katalog<br \/>\n<\/h1>\n<div class=\"col-12 catalogue-download-button-margin margin-top--05x\">\n                        <a download=\"tao-sauna-catalog-en-de-fr\" href=\"https:\/\/saunatao.com\/wp-content\/uploads\/2023\/12\/tao-sauna-catalog-en-de-fr.pdf\" rel=\"noopener noreferrer\" class=\"button button--small button--arrow button--shadow\">St\u00e1hnout katalog<br \/>\n<\/a>\n                    <\/div>\n<div class=\"row\">\n<div class=\"col-xs-12 col-sm-12 col-md-2 col-lg-2\"><\/div>\n<div class=\"col-xs-12 col-sm-12 col-md-8 col-lg-8\"><\/div>\n<div class=\"col-xs-12 col-sm-12 col-md-2 col-lg-2\"><\/div><\/div>\n<div style=\"position:relative;padding-top:max(60%,326px);height:0;width:100%\"><iframe allow=\"clipboard-write\" sandbox=\"allow-top-navigation allow-top-navigation-by-user-activation allow-downloads allow-scripts allow-same-origin allow-popups allow-modals allow-popups-to-escape-sandbox allow-forms\" allowfullscreen=\"true\" style=\"position:absolute;border:none;width:100%;height:100%;left:0;right:0;top:0;bottom:0;\" src=\"https:\/\/e.issuu.com\/embed.html?d=issuu_katalog_saun_tao&#038;u=aquamarinespamarketing\"><\/iframe><\/div><\/div>\n<p> <!-- .inner --><br \/>\n<\/section>\n<p> <!-- section products --><\/p>\n","protected":false},"excerpt":{"rendered":"St\u00e1hnout katalog St\u00e1hnout katalog","protected":false},"author":12,"featured_media":0,"parent":0,"menu_order":0,"comment_status":"closed","ping_status":"closed","template":"","meta":{"_acf_changed":false,"footnotes":""},"class_list":["post-9849","page","type-page","status-publish","hentry"],"acf":[],"yoast_head":"<!-- This site is optimized with the Yoast SEO plugin v27.3 - https:\/\/yoast.com\/product\/yoast-seo-wordpress\/ -->\n<title>St\u00e1hnout katalog | Sauna TAO<\/title>\n<meta name=\"description\" content=\"St\u00e1hn\u011bte si katalog na\u0161ich produkt\u016f. Nab\u00edz\u00edme jej jak online, tak i v offline form\u011b. Za\u010dn\u011bte si vyb\u00edrat saunu je\u0161t\u011b dnes.\" \/>\n<meta name=\"robots\" content=\"index, follow, max-snippet:-1, max-image-preview:large, max-video-preview:-1\" \/>\n<link rel=\"canonical\" href=\"https:\/\/saunatao.com\/cs\/stahnout-katalog\/\" \/>\n<meta property=\"og:locale\" content=\"cs_CZ\" \/>\n<meta property=\"og:type\" content=\"article\" \/>\n<meta property=\"og:title\" content=\"St\u00e1hnout katalog | Sauna TAO\" \/>\n<meta property=\"og:description\" content=\"St\u00e1hn\u011bte si katalog na\u0161ich produkt\u016f. Nab\u00edz\u00edme jej jak online, tak i v offline form\u011b. Za\u010dn\u011bte si vyb\u00edrat saunu je\u0161t\u011b dnes.\" \/>\n<meta property=\"og:url\" content=\"https:\/\/saunatao.com\/cs\/stahnout-katalog\/\" \/>\n<meta property=\"og:site_name\" content=\"Sauna TAO\" \/>\n<meta property=\"article:publisher\" content=\"https:\/\/www.facebook.com\/aquamarinespacz\/\" \/>\n<meta property=\"article:modified_time\" content=\"2024-07-26T14:04:52+00:00\" \/>\n<meta name=\"twitter:card\" content=\"summary_large_image\" \/>\n<meta name=\"twitter:label1\" content=\"Odhadovan\u00e1 doba \u010dten\u00ed\" \/>\n\t<meta name=\"twitter:data1\" content=\"1 minuta\" \/>\n<script type=\"application\/ld+json\" class=\"yoast-schema-graph\">{\"@context\":\"https:\\\/\\\/schema.org\",\"@graph\":[{\"@type\":\"WebPage\",\"@id\":\"https:\\\/\\\/saunatao.com\\\/cs\\\/stahnout-katalog\\\/\",\"url\":\"https:\\\/\\\/saunatao.com\\\/cs\\\/stahnout-katalog\\\/\",\"name\":\"St\u00e1hnout katalog | Sauna TAO\",\"isPartOf\":{\"@id\":\"https:\\\/\\\/saunatao.com\\\/cs\\\/#website\"},\"datePublished\":\"2023-12-19T10:20:32+00:00\",\"dateModified\":\"2024-07-26T14:04:52+00:00\",\"description\":\"St\u00e1hn\u011bte si katalog na\u0161ich produkt\u016f. Nab\u00edz\u00edme jej jak online, tak i v offline form\u011b. Za\u010dn\u011bte si vyb\u00edrat saunu je\u0161t\u011b dnes.\",\"breadcrumb\":{\"@id\":\"https:\\\/\\\/saunatao.com\\\/cs\\\/stahnout-katalog\\\/#breadcrumb\"},\"inLanguage\":\"cs\",\"potentialAction\":[{\"@type\":\"ReadAction\",\"target\":[\"https:\\\/\\\/saunatao.com\\\/cs\\\/stahnout-katalog\\\/\"]}]},{\"@type\":\"BreadcrumbList\",\"@id\":\"https:\\\/\\\/saunatao.com\\\/cs\\\/stahnout-katalog\\\/#breadcrumb\",\"itemListElement\":[{\"@type\":\"ListItem\",\"position\":1,\"name\":\"Home\",\"item\":\"https:\\\/\\\/saunatao.com\\\/cs\\\/\"},{\"@type\":\"ListItem\",\"position\":2,\"name\":\"St\u00e1hnout katalog\"}]},{\"@type\":\"WebSite\",\"@id\":\"https:\\\/\\\/saunatao.com\\\/cs\\\/#website\",\"url\":\"https:\\\/\\\/saunatao.com\\\/cs\\\/\",\"name\":\"Sauna TAO\",\"description\":\"Za\u017eijte Sauna TAO\",\"publisher\":{\"@id\":\"https:\\\/\\\/saunatao.com\\\/cs\\\/#organization\"},\"potentialAction\":[{\"@type\":\"SearchAction\",\"target\":{\"@type\":\"EntryPoint\",\"urlTemplate\":\"https:\\\/\\\/saunatao.com\\\/cs\\\/?s={search_term_string}\"},\"query-input\":{\"@type\":\"PropertyValueSpecification\",\"valueRequired\":true,\"valueName\":\"search_term_string\"}}],\"inLanguage\":\"cs\"},{\"@type\":\"Organization\",\"@id\":\"https:\\\/\\\/saunatao.com\\\/cs\\\/#organization\",\"name\":\"Aquamarine Spa\",\"url\":\"https:\\\/\\\/saunatao.com\\\/cs\\\/\",\"logo\":{\"@type\":\"ImageObject\",\"inLanguage\":\"cs\",\"@id\":\"https:\\\/\\\/saunatao.com\\\/cs\\\/#\\\/schema\\\/logo\\\/image\\\/\",\"url\":\"https:\\\/\\\/saunatao.com\\\/wp-content\\\/uploads\\\/2021\\\/10\\\/aquamarinespa-logo.jpg\",\"contentUrl\":\"https:\\\/\\\/saunatao.com\\\/wp-content\\\/uploads\\\/2021\\\/10\\\/aquamarinespa-logo.jpg\",\"width\":1018,\"height\":499,\"caption\":\"Aquamarine Spa\"},\"image\":{\"@id\":\"https:\\\/\\\/saunatao.com\\\/cs\\\/#\\\/schema\\\/logo\\\/image\\\/\"},\"sameAs\":[\"https:\\\/\\\/www.facebook.com\\\/aquamarinespacz\\\/\",\"https:\\\/\\\/www.instagram.com\\\/aquamarinespacz\\\/\",\"https:\\\/\\\/cz.pinterest.com\\\/aquamarinespa\\\/_created\\\/\",\"https:\\\/\\\/www.youtube.com\\\/channel\\\/UCvQ2S0WBOTcT7OEAVfISYHg\"]}]}<\/script>\n<!-- \/ Yoast SEO plugin. -->","yoast_head_json":{"title":"St\u00e1hnout katalog | Sauna TAO","description":"St\u00e1hn\u011bte si katalog na\u0161ich produkt\u016f. Nab\u00edz\u00edme jej jak online, tak i v offline form\u011b. Za\u010dn\u011bte si vyb\u00edrat saunu je\u0161t\u011b dnes.","robots":{"index":"index","follow":"follow","max-snippet":"max-snippet:-1","max-image-preview":"max-image-preview:large","max-video-preview":"max-video-preview:-1"},"canonical":"https:\/\/saunatao.com\/cs\/stahnout-katalog\/","og_locale":"cs_CZ","og_type":"article","og_title":"St\u00e1hnout katalog | Sauna TAO","og_description":"St\u00e1hn\u011bte si katalog na\u0161ich produkt\u016f. Nab\u00edz\u00edme jej jak online, tak i v offline form\u011b. Za\u010dn\u011bte si vyb\u00edrat saunu je\u0161t\u011b dnes.","og_url":"https:\/\/saunatao.com\/cs\/stahnout-katalog\/","og_site_name":"Sauna TAO","article_publisher":"https:\/\/www.facebook.com\/aquamarinespacz\/","article_modified_time":"2024-07-26T14:04:52+00:00","twitter_card":"summary_large_image","twitter_misc":{"Odhadovan\u00e1 doba \u010dten\u00ed":"1 minuta"},"schema":{"@context":"https:\/\/schema.org","@graph":[{"@type":"WebPage","@id":"https:\/\/saunatao.com\/cs\/stahnout-katalog\/","url":"https:\/\/saunatao.com\/cs\/stahnout-katalog\/","name":"St\u00e1hnout katalog | Sauna TAO","isPartOf":{"@id":"https:\/\/saunatao.com\/cs\/#website"},"datePublished":"2023-12-19T10:20:32+00:00","dateModified":"2024-07-26T14:04:52+00:00","description":"St\u00e1hn\u011bte si katalog na\u0161ich produkt\u016f. Nab\u00edz\u00edme jej jak online, tak i v offline form\u011b. Za\u010dn\u011bte si vyb\u00edrat saunu je\u0161t\u011b dnes.","breadcrumb":{"@id":"https:\/\/saunatao.com\/cs\/stahnout-katalog\/#breadcrumb"},"inLanguage":"cs","potentialAction":[{"@type":"ReadAction","target":["https:\/\/saunatao.com\/cs\/stahnout-katalog\/"]}]},{"@type":"BreadcrumbList","@id":"https:\/\/saunatao.com\/cs\/stahnout-katalog\/#breadcrumb","itemListElement":[{"@type":"ListItem","position":1,"name":"Home","item":"https:\/\/saunatao.com\/cs\/"},{"@type":"ListItem","position":2,"name":"St\u00e1hnout katalog"}]},{"@type":"WebSite","@id":"https:\/\/saunatao.com\/cs\/#website","url":"https:\/\/saunatao.com\/cs\/","name":"Sauna TAO","description":"Za\u017eijte Sauna TAO","publisher":{"@id":"https:\/\/saunatao.com\/cs\/#organization"},"potentialAction":[{"@type":"SearchAction","target":{"@type":"EntryPoint","urlTemplate":"https:\/\/saunatao.com\/cs\/?s={search_term_string}"},"query-input":{"@type":"PropertyValueSpecification","valueRequired":true,"valueName":"search_term_string"}}],"inLanguage":"cs"},{"@type":"Organization","@id":"https:\/\/saunatao.com\/cs\/#organization","name":"Aquamarine Spa","url":"https:\/\/saunatao.com\/cs\/","logo":{"@type":"ImageObject","inLanguage":"cs","@id":"https:\/\/saunatao.com\/cs\/#\/schema\/logo\/image\/","url":"https:\/\/saunatao.com\/wp-content\/uploads\/2021\/10\/aquamarinespa-logo.jpg","contentUrl":"https:\/\/saunatao.com\/wp-content\/uploads\/2021\/10\/aquamarinespa-logo.jpg","width":1018,"height":499,"caption":"Aquamarine Spa"},"image":{"@id":"https:\/\/saunatao.com\/cs\/#\/schema\/logo\/image\/"},"sameAs":["https:\/\/www.facebook.com\/aquamarinespacz\/","https:\/\/www.instagram.com\/aquamarinespacz\/","https:\/\/cz.pinterest.com\/aquamarinespa\/_created\/","https:\/\/www.youtube.com\/channel\/UCvQ2S0WBOTcT7OEAVfISYHg"]}]}},"_links":{"self":[{"href":"https:\/\/saunatao.com\/cs\/wp-json\/wp\/v2\/pages\/9849","targetHints":{"allow":["GET"]}}],"collection":[{"href":"https:\/\/saunatao.com\/cs\/wp-json\/wp\/v2\/pages"}],"about":[{"href":"https:\/\/saunatao.com\/cs\/wp-json\/wp\/v2\/types\/page"}],"author":[{"embeddable":true,"href":"https:\/\/saunatao.com\/cs\/wp-json\/wp\/v2\/users\/12"}],"replies":[{"embeddable":true,"href":"https:\/\/saunatao.com\/cs\/wp-json\/wp\/v2\/comments?post=9849"}],"version-history":[{"count":3,"href":"https:\/\/saunatao.com\/cs\/wp-json\/wp\/v2\/pages\/9849\/revisions"}],"predecessor-version":[{"id":9858,"href":"https:\/\/saunatao.com\/cs\/wp-json\/wp\/v2\/pages\/9849\/revisions\/9858"}],"wp:attachment":[{"href":"https:\/\/saunatao.com\/cs\/wp-json\/wp\/v2\/media?parent=9849"}],"curies":[{"name":"wp","href":"https:\/\/api.w.org\/{rel}","templated":true}]}}