{"id":6406,"date":"2022-04-13T12:45:57","date_gmt":"2022-04-13T12:45:57","guid":{"rendered":"https:\/\/saunatao.com\/?page_id=6406"},"modified":"2023-09-26T12:06:14","modified_gmt":"2023-09-26T12:06:14","slug":"zasady-zpracovani-osobnich-udaju","status":"publish","type":"page","link":"https:\/\/saunatao.com\/cs\/zasady-zpracovani-osobnich-udaju\/","title":{"rendered":"Z\u00e1sady zpracov\u00e1n\u00ed osobn\u00edch \u00fadaj\u016f"},"content":{"rendered":"<section class=\"section--catalogue section--light\">\n<div class=\"inner\">\n<h1 class=\"heading heading--bigger heading--center heading--black heading--underline\">Z\u00e1sady zpracov\u00e1n\u00ed osobn\u00edch \u00fadaj\u016f<\/h1>\n<p><object data=\"https:\/\/saunatao.com\/wp-content\/uploads\/2023\/09\/Zasady-zpracovani-osobnich-udaju-TAO-nova.pdf\" type=\"application\/pdf\" width=\"100%;\" height=\"1100px;\"><iframe loading=\"lazy\" src=\"https:\/\/saunatao.com\/wp-content\/uploads\/2023\/09\/Zasady-zpracovani-osobnich-udaju-TAO-nova.pdf\" width=\"100%\" height=\"100%\" style=\"border: none;\"><br \/>\nThis browser does not support PDFs. Please download the PDF to view it: &lt;a href=&#8220;https:\/\/saunatao.com\/wp-content\/uploads\/2023\/09\/Zasady-zpracovani-osobnich-udaju-TAO-nova.pdf&#8220;&gt;Download PDF&lt;\/a&gt;<br \/>\n<\/iframe><\/object><\/p>\n<h2 class=\"heading heading--center heading--black heading--underline margin-top--2x\">Vyu\u017e\u00edv\u00e1n\u00ed soubor\u016f cookies<\/h2>\n<p><object data=\"https:\/\/saunatao.com\/wp-content\/uploads\/2023\/09\/Cookies-TAO-nova.pdf\" type=\"application\/pdf\" width=\"100%;\" height=\"1100px;\"><iframe loading=\"lazy\" src=\"https:\/\/saunatao.com\/wp-content\/uploads\/2023\/09\/Cookies-TAO-nova.pdf\" width=\"100%\" height=\"100%\" style=\"border: none;\"><br \/>\nThis browser does not support PDFs. Please download the PDF to view it: &lt;a href=https:\/\/saunatao.com\/wp-content\/uploads\/2023\/09\/Cookies-TAO-nova.pdff&#8220;&gt;Download PDF&lt;\/a&gt;<br \/>\n<\/iframe><\/object><\/p>\n<h2 class=\"heading heading--center heading--black heading--underline margin-top--2x\">GDPR \u017e\u00e1dosti<\/h2>\n<table style=\"width:100%;max-width:540px;margin:auto;\">\n<tr>\n<td><span class=\"paragraph\"><strong>\u017d\u00e1dost na omezen\u00ed<\/strong><\/span><\/td>\n<td><a target=\"_blank\" rel=\"nofollow noreferer noopener\" href=\"https:\/\/saunatao.com\/wp-content\/uploads\/2023\/09\/Zadost-na-omezeni-TAO.pdf\" class=\"button margin-top--05x\">St\u00e1hnout (PDF)<\/a><\/td>\n<\/tr>\n<tr>\n<td><span class=\"paragraph\"><strong>\u017d\u00e1dost na opravu<\/strong><\/span><\/td>\n<td><a target=\"_blank\" rel=\"nofollow noreferer noopener\" href=\"https:\/\/saunatao.com\/wp-content\/uploads\/2023\/09\/Zadost-na-opravu-TAO.pdf\" class=\"button margin-top--05x\">St\u00e1hnout (PDF)<\/a><\/td>\n<\/tr>\n<tr>\n<td><span class=\"paragraph\"><strong>\u017d\u00e1dost na p\u0159enositelnost<\/strong><\/span><\/td>\n<td><a target=\"_blank\" rel=\"nofollow noreferer noopener\" href=\"https:\/\/saunatao.com\/wp-content\/uploads\/2023\/09\/Zadost-na-prenositelnost-TAO.pdf\" class=\"button margin-top--05x\">St\u00e1hnout (PDF)<\/a><\/td>\n<\/tr>\n<tr>\n<td><span class=\"paragraph\"><strong>\u017d\u00e1dost na p\u0159\u00edstup<\/strong><\/span><\/td>\n<td><a target=\"_blank\" rel=\"nofollow noreferer noopener\" href=\"https:\/\/saunatao.com\/wp-content\/uploads\/2023\/09\/Zadost-na-pristup-TAO.pdf\" class=\"button margin-top--05x\">St\u00e1hnout (PDF)<\/a><\/td>\n<\/tr>\n<tr>\n<td><span class=\"paragraph\"><strong>\u017d\u00e1dost na uplatn\u011bn\u00ed n\u00e1mitky<\/strong><\/span><\/td>\n<td><a target=\"_blank\" rel=\"nofollow noreferer noopener\" href=\"https:\/\/saunatao.com\/wp-content\/uploads\/2023\/09\/Zadost-na-uplatneni-namitky-TAO.pdf\" class=\"button margin-top--05x\">St\u00e1hnout (PDF)<\/a><\/td>\n<\/tr>\n<tr>\n<td><span class=\"paragraph\"><strong>\u017d\u00e1dost na v\u00fdmaz<\/strong><\/span><\/td>\n<td><a target=\"_blank\" rel=\"nofollow noreferer noopener\" href=\"https:\/\/saunatao.com\/wp-content\/uploads\/2023\/09\/Zadost-na-vymaz-TAO.pdf\" class=\"button margin-top--05x\">St\u00e1hnout (PDF)<\/a><\/td>\n<\/tr>\n<\/table>\n<\/div>\n<p> <!-- .inner --><br \/>\n<\/section>\n<p> <!-- section products --><\/p>\n","protected":false},"excerpt":{"rendered":"Z\u00e1sady zpracov\u00e1n\u00ed osobn\u00edch \u00fadaj\u016f This browser does not support PDFs. Please download the PDF to view it: &lt;a href=&#8220;https:\/\/saunatao.com\/wp-content\/uploads\/2023\/09\/Zasady-zpracovani-osobnich-udaju-TAO-nova.pdf&#8220;&gt;Download PDF&lt;\/a&gt; Vyu\u017e\u00edv\u00e1n\u00ed soubor\u016f cookies This browser does not support PDFs. Please download the PDF to view it: &lt;a href=https:\/\/saunatao.com\/wp-content\/uploads\/2023\/09\/Cookies-TAO-nova.pdff&#8220;&gt;Download PDF&lt;\/a&gt; GDPR \u017e\u00e1dosti \u017d\u00e1dost na omezen\u00edSt\u00e1hnout (PDF) \u017d\u00e1dost na opravuSt\u00e1hnout (PDF) \u017d\u00e1dost na p\u0159enositelnostSt\u00e1hnout (PDF) \u017d\u00e1dost na [&hellip;]","protected":false},"author":1,"featured_media":0,"parent":0,"menu_order":0,"comment_status":"closed","ping_status":"closed","template":"","meta":{"_acf_changed":false,"footnotes":""},"class_list":["post-6406","page","type-page","status-publish","hentry"],"acf":[],"yoast_head":"<!-- This site is optimized with the Yoast SEO plugin v27.3 - https:\/\/yoast.com\/product\/yoast-seo-wordpress\/ -->\n<title>Z\u00e1sady zpracov\u00e1n\u00ed osobn\u00edch \u00fadaj\u016f | Sauna TAO<\/title>\n<meta name=\"robots\" content=\"index, follow, max-snippet:-1, max-image-preview:large, max-video-preview:-1\" \/>\n<link rel=\"canonical\" href=\"https:\/\/saunatao.com\/cs\/zasady-zpracovani-osobnich-udaju\/\" \/>\n<meta property=\"og:locale\" content=\"cs_CZ\" \/>\n<meta property=\"og:type\" content=\"article\" \/>\n<meta property=\"og:title\" content=\"Z\u00e1sady zpracov\u00e1n\u00ed osobn\u00edch \u00fadaj\u016f | Sauna TAO\" \/>\n<meta property=\"og:description\" content=\"Z\u00e1sady zpracov\u00e1n\u00ed osobn\u00edch \u00fadaj\u016f This browser does not support PDFs. Please download the PDF to view it: &lt;a href=&#8220;https:\/\/saunatao.com\/wp-content\/uploads\/2023\/09\/Zasady-zpracovani-osobnich-udaju-TAO-nova.pdf&#8220;&gt;Download PDF&lt;\/a&gt; Vyu\u017e\u00edv\u00e1n\u00ed soubor\u016f cookies This browser does not support PDFs. Please download the PDF to view it: &lt;a href=https:\/\/saunatao.com\/wp-content\/uploads\/2023\/09\/Cookies-TAO-nova.pdff&#8220;&gt;Download PDF&lt;\/a&gt; GDPR \u017e\u00e1dosti \u017d\u00e1dost na omezen\u00edSt\u00e1hnout (PDF) \u017d\u00e1dost na opravuSt\u00e1hnout (PDF) \u017d\u00e1dost na p\u0159enositelnostSt\u00e1hnout (PDF) \u017d\u00e1dost na [&hellip;]\" \/>\n<meta property=\"og:url\" content=\"https:\/\/saunatao.com\/cs\/zasady-zpracovani-osobnich-udaju\/\" \/>\n<meta property=\"og:site_name\" content=\"Sauna TAO\" \/>\n<meta property=\"article:publisher\" content=\"https:\/\/www.facebook.com\/aquamarinespacz\/\" \/>\n<meta property=\"article:modified_time\" content=\"2023-09-26T12:06:14+00:00\" \/>\n<meta name=\"twitter:card\" content=\"summary_large_image\" \/>\n<meta name=\"twitter:label1\" content=\"Odhadovan\u00e1 doba \u010dten\u00ed\" \/>\n\t<meta name=\"twitter:data1\" content=\"1 minuta\" \/>\n<script type=\"application\/ld+json\" class=\"yoast-schema-graph\">{\"@context\":\"https:\\\/\\\/schema.org\",\"@graph\":[{\"@type\":\"WebPage\",\"@id\":\"https:\\\/\\\/saunatao.com\\\/cs\\\/zasady-zpracovani-osobnich-udaju\\\/\",\"url\":\"https:\\\/\\\/saunatao.com\\\/cs\\\/zasady-zpracovani-osobnich-udaju\\\/\",\"name\":\"Z\u00e1sady zpracov\u00e1n\u00ed osobn\u00edch \u00fadaj\u016f | Sauna TAO\",\"isPartOf\":{\"@id\":\"https:\\\/\\\/saunatao.com\\\/cs\\\/#website\"},\"datePublished\":\"2022-04-13T12:45:57+00:00\",\"dateModified\":\"2023-09-26T12:06:14+00:00\",\"breadcrumb\":{\"@id\":\"https:\\\/\\\/saunatao.com\\\/cs\\\/zasady-zpracovani-osobnich-udaju\\\/#breadcrumb\"},\"inLanguage\":\"cs\",\"potentialAction\":[{\"@type\":\"ReadAction\",\"target\":[\"https:\\\/\\\/saunatao.com\\\/cs\\\/zasady-zpracovani-osobnich-udaju\\\/\"]}]},{\"@type\":\"BreadcrumbList\",\"@id\":\"https:\\\/\\\/saunatao.com\\\/cs\\\/zasady-zpracovani-osobnich-udaju\\\/#breadcrumb\",\"itemListElement\":[{\"@type\":\"ListItem\",\"position\":1,\"name\":\"Home\",\"item\":\"https:\\\/\\\/saunatao.com\\\/cs\\\/\"},{\"@type\":\"ListItem\",\"position\":2,\"name\":\"Z\u00e1sady zpracov\u00e1n\u00ed osobn\u00edch \u00fadaj\u016f\"}]},{\"@type\":\"WebSite\",\"@id\":\"https:\\\/\\\/saunatao.com\\\/cs\\\/#website\",\"url\":\"https:\\\/\\\/saunatao.com\\\/cs\\\/\",\"name\":\"Sauna TAO\",\"description\":\"Za\u017eijte Sauna TAO\",\"publisher\":{\"@id\":\"https:\\\/\\\/saunatao.com\\\/cs\\\/#organization\"},\"potentialAction\":[{\"@type\":\"SearchAction\",\"target\":{\"@type\":\"EntryPoint\",\"urlTemplate\":\"https:\\\/\\\/saunatao.com\\\/cs\\\/?s={search_term_string}\"},\"query-input\":{\"@type\":\"PropertyValueSpecification\",\"valueRequired\":true,\"valueName\":\"search_term_string\"}}],\"inLanguage\":\"cs\"},{\"@type\":\"Organization\",\"@id\":\"https:\\\/\\\/saunatao.com\\\/cs\\\/#organization\",\"name\":\"Aquamarine Spa\",\"url\":\"https:\\\/\\\/saunatao.com\\\/cs\\\/\",\"logo\":{\"@type\":\"ImageObject\",\"inLanguage\":\"cs\",\"@id\":\"https:\\\/\\\/saunatao.com\\\/cs\\\/#\\\/schema\\\/logo\\\/image\\\/\",\"url\":\"https:\\\/\\\/saunatao.com\\\/wp-content\\\/uploads\\\/2021\\\/10\\\/aquamarinespa-logo.jpg\",\"contentUrl\":\"https:\\\/\\\/saunatao.com\\\/wp-content\\\/uploads\\\/2021\\\/10\\\/aquamarinespa-logo.jpg\",\"width\":1018,\"height\":499,\"caption\":\"Aquamarine Spa\"},\"image\":{\"@id\":\"https:\\\/\\\/saunatao.com\\\/cs\\\/#\\\/schema\\\/logo\\\/image\\\/\"},\"sameAs\":[\"https:\\\/\\\/www.facebook.com\\\/aquamarinespacz\\\/\",\"https:\\\/\\\/www.instagram.com\\\/aquamarinespacz\\\/\",\"https:\\\/\\\/cz.pinterest.com\\\/aquamarinespa\\\/_created\\\/\",\"https:\\\/\\\/www.youtube.com\\\/channel\\\/UCvQ2S0WBOTcT7OEAVfISYHg\"]}]}<\/script>\n<!-- \/ Yoast SEO plugin. -->","yoast_head_json":{"title":"Z\u00e1sady zpracov\u00e1n\u00ed osobn\u00edch \u00fadaj\u016f | Sauna TAO","robots":{"index":"index","follow":"follow","max-snippet":"max-snippet:-1","max-image-preview":"max-image-preview:large","max-video-preview":"max-video-preview:-1"},"canonical":"https:\/\/saunatao.com\/cs\/zasady-zpracovani-osobnich-udaju\/","og_locale":"cs_CZ","og_type":"article","og_title":"Z\u00e1sady zpracov\u00e1n\u00ed osobn\u00edch \u00fadaj\u016f | Sauna TAO","og_description":"Z\u00e1sady zpracov\u00e1n\u00ed osobn\u00edch \u00fadaj\u016f This browser does not support PDFs. Please download the PDF to view it: &lt;a href=&#8220;https:\/\/saunatao.com\/wp-content\/uploads\/2023\/09\/Zasady-zpracovani-osobnich-udaju-TAO-nova.pdf&#8220;&gt;Download PDF&lt;\/a&gt; Vyu\u017e\u00edv\u00e1n\u00ed soubor\u016f cookies This browser does not support PDFs. Please download the PDF to view it: &lt;a href=https:\/\/saunatao.com\/wp-content\/uploads\/2023\/09\/Cookies-TAO-nova.pdff&#8220;&gt;Download PDF&lt;\/a&gt; GDPR \u017e\u00e1dosti \u017d\u00e1dost na omezen\u00edSt\u00e1hnout (PDF) \u017d\u00e1dost na opravuSt\u00e1hnout (PDF) \u017d\u00e1dost na p\u0159enositelnostSt\u00e1hnout (PDF) \u017d\u00e1dost na [&hellip;]","og_url":"https:\/\/saunatao.com\/cs\/zasady-zpracovani-osobnich-udaju\/","og_site_name":"Sauna TAO","article_publisher":"https:\/\/www.facebook.com\/aquamarinespacz\/","article_modified_time":"2023-09-26T12:06:14+00:00","twitter_card":"summary_large_image","twitter_misc":{"Odhadovan\u00e1 doba \u010dten\u00ed":"1 minuta"},"schema":{"@context":"https:\/\/schema.org","@graph":[{"@type":"WebPage","@id":"https:\/\/saunatao.com\/cs\/zasady-zpracovani-osobnich-udaju\/","url":"https:\/\/saunatao.com\/cs\/zasady-zpracovani-osobnich-udaju\/","name":"Z\u00e1sady zpracov\u00e1n\u00ed osobn\u00edch \u00fadaj\u016f | Sauna TAO","isPartOf":{"@id":"https:\/\/saunatao.com\/cs\/#website"},"datePublished":"2022-04-13T12:45:57+00:00","dateModified":"2023-09-26T12:06:14+00:00","breadcrumb":{"@id":"https:\/\/saunatao.com\/cs\/zasady-zpracovani-osobnich-udaju\/#breadcrumb"},"inLanguage":"cs","potentialAction":[{"@type":"ReadAction","target":["https:\/\/saunatao.com\/cs\/zasady-zpracovani-osobnich-udaju\/"]}]},{"@type":"BreadcrumbList","@id":"https:\/\/saunatao.com\/cs\/zasady-zpracovani-osobnich-udaju\/#breadcrumb","itemListElement":[{"@type":"ListItem","position":1,"name":"Home","item":"https:\/\/saunatao.com\/cs\/"},{"@type":"ListItem","position":2,"name":"Z\u00e1sady zpracov\u00e1n\u00ed osobn\u00edch \u00fadaj\u016f"}]},{"@type":"WebSite","@id":"https:\/\/saunatao.com\/cs\/#website","url":"https:\/\/saunatao.com\/cs\/","name":"Sauna TAO","description":"Za\u017eijte Sauna TAO","publisher":{"@id":"https:\/\/saunatao.com\/cs\/#organization"},"potentialAction":[{"@type":"SearchAction","target":{"@type":"EntryPoint","urlTemplate":"https:\/\/saunatao.com\/cs\/?s={search_term_string}"},"query-input":{"@type":"PropertyValueSpecification","valueRequired":true,"valueName":"search_term_string"}}],"inLanguage":"cs"},{"@type":"Organization","@id":"https:\/\/saunatao.com\/cs\/#organization","name":"Aquamarine Spa","url":"https:\/\/saunatao.com\/cs\/","logo":{"@type":"ImageObject","inLanguage":"cs","@id":"https:\/\/saunatao.com\/cs\/#\/schema\/logo\/image\/","url":"https:\/\/saunatao.com\/wp-content\/uploads\/2021\/10\/aquamarinespa-logo.jpg","contentUrl":"https:\/\/saunatao.com\/wp-content\/uploads\/2021\/10\/aquamarinespa-logo.jpg","width":1018,"height":499,"caption":"Aquamarine Spa"},"image":{"@id":"https:\/\/saunatao.com\/cs\/#\/schema\/logo\/image\/"},"sameAs":["https:\/\/www.facebook.com\/aquamarinespacz\/","https:\/\/www.instagram.com\/aquamarinespacz\/","https:\/\/cz.pinterest.com\/aquamarinespa\/_created\/","https:\/\/www.youtube.com\/channel\/UCvQ2S0WBOTcT7OEAVfISYHg"]}]}},"_links":{"self":[{"href":"https:\/\/saunatao.com\/cs\/wp-json\/wp\/v2\/pages\/6406","targetHints":{"allow":["GET"]}}],"collection":[{"href":"https:\/\/saunatao.com\/cs\/wp-json\/wp\/v2\/pages"}],"about":[{"href":"https:\/\/saunatao.com\/cs\/wp-json\/wp\/v2\/types\/page"}],"author":[{"embeddable":true,"href":"https:\/\/saunatao.com\/cs\/wp-json\/wp\/v2\/users\/1"}],"replies":[{"embeddable":true,"href":"https:\/\/saunatao.com\/cs\/wp-json\/wp\/v2\/comments?post=6406"}],"version-history":[{"count":6,"href":"https:\/\/saunatao.com\/cs\/wp-json\/wp\/v2\/pages\/6406\/revisions"}],"predecessor-version":[{"id":9232,"href":"https:\/\/saunatao.com\/cs\/wp-json\/wp\/v2\/pages\/6406\/revisions\/9232"}],"wp:attachment":[{"href":"https:\/\/saunatao.com\/cs\/wp-json\/wp\/v2\/media?parent=6406"}],"curies":[{"name":"wp","href":"https:\/\/api.w.org\/{rel}","templated":true}]}}