{"id":5813,"date":"2022-01-24T12:59:20","date_gmt":"2022-01-24T12:59:20","guid":{"rendered":"https:\/\/aquamarine.boost.codes\/?page_id=5813"},"modified":"2024-07-26T13:56:36","modified_gmt":"2024-07-26T13:56:36","slug":"objednavka-servisu","status":"publish","type":"page","link":"https:\/\/saunatao.com\/cs\/objednavka-servisu\/","title":{"rendered":"Objedn\u00e1vka servisu"},"content":{"rendered":"<section class=\"section--catalogue section--light\">\n<div class=\"inner\">\n<h1 class=\"heading heading--bigger heading--center heading--black heading--underline\">Objedn\u00e1vka servisu<\/h1>\n<div class=\"row\">\n<div class=\"col-xs-12 col-sm-12 col-md-2 col-lg-2\"><\/div>\n<div class=\"col-xs-12 col-sm-12 col-md-8 col-lg-8\">\n<p class=\"paragraph paragraph--medium align-center margin-top--05x\">Abychom v\u00e1m mohli p\u0159ipravit p\u0159esnou cenovou nab\u00eddku, popi\u0161te pros\u00edm co nejdetailn\u011bji specifikace va\u0161eho po\u017eadavku. Pro p\u0159\u00edpad, \u017ee bychom od v\u00e1s pot\u0159ebovali z\u00edskat bli\u017e\u0161\u00ed informace, vypl\u0148te pros\u00edm tak\u00e9 pole telefon nebo e-mail.<\/p>\n<\/p><\/div>\n<div class=\"col-xs-12 col-sm-12 col-md-2 col-lg-2\"><\/div><\/div>\n<div class=\"section--catalogue-form\">\n\t\t\t\t<span class=\"paragraph paragraph--medium section--catalogue-form-required-data input-required\">povinn\u00e1 pole<\/span><br \/>\n\t\t\t\t\n\t\t\t<\/div><\/div>\n<p> <!-- .inner --><br \/>\n<\/section>\n<p> <!-- section products --><\/p>\n","protected":false},"excerpt":{"rendered":"Objedn\u00e1vka servisu Abychom v\u00e1m mohli p\u0159ipravit p\u0159esnou cenovou nab\u00eddku, popi\u0161te pros\u00edm co nejdetailn\u011bji specifikace va\u0161eho po\u017eadavku. Pro p\u0159\u00edpad, \u017ee bychom od v\u00e1s pot\u0159ebovali z\u00edskat bli\u017e\u0161\u00ed informace, vypl\u0148te pros\u00edm tak\u00e9 pole telefon nebo e-mail. povinn\u00e1 pole","protected":false},"author":1,"featured_media":0,"parent":0,"menu_order":0,"comment_status":"closed","ping_status":"closed","template":"","meta":{"_acf_changed":false,"footnotes":""},"class_list":["post-5813","page","type-page","status-publish","hentry"],"acf":[],"yoast_head":"<!-- This site is optimized with the Yoast SEO plugin v27.5 - https:\/\/yoast.com\/product\/yoast-seo-wordpress\/ -->\n<title>Objedn\u00e1vka servisu | Sauna TAO<\/title>\n<meta name=\"description\" content=\"Objednejte si servis pro va\u0161i saunu. R\u00e1di v\u00e1m po\u0161lete nab\u00eddku na servis.\" \/>\n<meta name=\"robots\" content=\"index, follow, max-snippet:-1, max-image-preview:large, max-video-preview:-1\" \/>\n<link rel=\"canonical\" href=\"https:\/\/saunatao.com\/cs\/objednavka-servisu\/\" \/>\n<meta property=\"og:locale\" content=\"cs_CZ\" \/>\n<meta property=\"og:type\" content=\"article\" \/>\n<meta property=\"og:title\" content=\"Objedn\u00e1vka servisu | Sauna TAO\" \/>\n<meta property=\"og:description\" content=\"Objednejte si servis pro va\u0161i saunu. R\u00e1di v\u00e1m po\u0161lete nab\u00eddku na servis.\" \/>\n<meta property=\"og:url\" content=\"https:\/\/saunatao.com\/cs\/objednavka-servisu\/\" \/>\n<meta property=\"og:site_name\" content=\"Sauna TAO\" \/>\n<meta property=\"article:publisher\" content=\"https:\/\/www.facebook.com\/aquamarinespacz\/\" \/>\n<meta property=\"article:modified_time\" content=\"2024-07-26T13:56:36+00:00\" \/>\n<meta name=\"twitter:card\" content=\"summary_large_image\" \/>\n<meta name=\"twitter:label1\" content=\"Odhadovan\u00e1 doba \u010dten\u00ed\" \/>\n\t<meta name=\"twitter:data1\" content=\"1 minuta\" \/>\n<script type=\"application\/ld+json\" class=\"yoast-schema-graph\">{\"@context\":\"https:\\\/\\\/schema.org\",\"@graph\":[{\"@type\":\"WebPage\",\"@id\":\"https:\\\/\\\/saunatao.com\\\/cs\\\/objednavka-servisu\\\/\",\"url\":\"https:\\\/\\\/saunatao.com\\\/cs\\\/objednavka-servisu\\\/\",\"name\":\"Objedn\u00e1vka servisu | Sauna TAO\",\"isPartOf\":{\"@id\":\"https:\\\/\\\/saunatao.com\\\/cs\\\/#website\"},\"datePublished\":\"2022-01-24T12:59:20+00:00\",\"dateModified\":\"2024-07-26T13:56:36+00:00\",\"description\":\"Objednejte si servis pro va\u0161i saunu. R\u00e1di v\u00e1m po\u0161lete nab\u00eddku na servis.\",\"breadcrumb\":{\"@id\":\"https:\\\/\\\/saunatao.com\\\/cs\\\/objednavka-servisu\\\/#breadcrumb\"},\"inLanguage\":\"cs\",\"potentialAction\":[{\"@type\":\"ReadAction\",\"target\":[\"https:\\\/\\\/saunatao.com\\\/cs\\\/objednavka-servisu\\\/\"]}]},{\"@type\":\"BreadcrumbList\",\"@id\":\"https:\\\/\\\/saunatao.com\\\/cs\\\/objednavka-servisu\\\/#breadcrumb\",\"itemListElement\":[{\"@type\":\"ListItem\",\"position\":1,\"name\":\"Home\",\"item\":\"https:\\\/\\\/saunatao.com\\\/cs\\\/\"},{\"@type\":\"ListItem\",\"position\":2,\"name\":\"Objedn\u00e1vka servisu\"}]},{\"@type\":\"WebSite\",\"@id\":\"https:\\\/\\\/saunatao.com\\\/cs\\\/#website\",\"url\":\"https:\\\/\\\/saunatao.com\\\/cs\\\/\",\"name\":\"Sauna TAO\",\"description\":\"Za\u017eijte Sauna TAO\",\"publisher\":{\"@id\":\"https:\\\/\\\/saunatao.com\\\/cs\\\/#organization\"},\"potentialAction\":[{\"@type\":\"SearchAction\",\"target\":{\"@type\":\"EntryPoint\",\"urlTemplate\":\"https:\\\/\\\/saunatao.com\\\/cs\\\/?s={search_term_string}\"},\"query-input\":{\"@type\":\"PropertyValueSpecification\",\"valueRequired\":true,\"valueName\":\"search_term_string\"}}],\"inLanguage\":\"cs\"},{\"@type\":\"Organization\",\"@id\":\"https:\\\/\\\/saunatao.com\\\/cs\\\/#organization\",\"name\":\"Aquamarine Spa\",\"url\":\"https:\\\/\\\/saunatao.com\\\/cs\\\/\",\"logo\":{\"@type\":\"ImageObject\",\"inLanguage\":\"cs\",\"@id\":\"https:\\\/\\\/saunatao.com\\\/cs\\\/#\\\/schema\\\/logo\\\/image\\\/\",\"url\":\"https:\\\/\\\/saunatao.com\\\/wp-content\\\/uploads\\\/2021\\\/10\\\/aquamarinespa-logo.jpg\",\"contentUrl\":\"https:\\\/\\\/saunatao.com\\\/wp-content\\\/uploads\\\/2021\\\/10\\\/aquamarinespa-logo.jpg\",\"width\":1018,\"height\":499,\"caption\":\"Aquamarine Spa\"},\"image\":{\"@id\":\"https:\\\/\\\/saunatao.com\\\/cs\\\/#\\\/schema\\\/logo\\\/image\\\/\"},\"sameAs\":[\"https:\\\/\\\/www.facebook.com\\\/aquamarinespacz\\\/\",\"https:\\\/\\\/www.instagram.com\\\/aquamarinespacz\\\/\",\"https:\\\/\\\/cz.pinterest.com\\\/aquamarinespa\\\/_created\\\/\",\"https:\\\/\\\/www.youtube.com\\\/channel\\\/UCvQ2S0WBOTcT7OEAVfISYHg\"]}]}<\/script>\n<!-- \/ Yoast SEO plugin. -->","yoast_head_json":{"title":"Objedn\u00e1vka servisu | Sauna TAO","description":"Objednejte si servis pro va\u0161i saunu. R\u00e1di v\u00e1m po\u0161lete nab\u00eddku na servis.","robots":{"index":"index","follow":"follow","max-snippet":"max-snippet:-1","max-image-preview":"max-image-preview:large","max-video-preview":"max-video-preview:-1"},"canonical":"https:\/\/saunatao.com\/cs\/objednavka-servisu\/","og_locale":"cs_CZ","og_type":"article","og_title":"Objedn\u00e1vka servisu | Sauna TAO","og_description":"Objednejte si servis pro va\u0161i saunu. R\u00e1di v\u00e1m po\u0161lete nab\u00eddku na servis.","og_url":"https:\/\/saunatao.com\/cs\/objednavka-servisu\/","og_site_name":"Sauna TAO","article_publisher":"https:\/\/www.facebook.com\/aquamarinespacz\/","article_modified_time":"2024-07-26T13:56:36+00:00","twitter_card":"summary_large_image","twitter_misc":{"Odhadovan\u00e1 doba \u010dten\u00ed":"1 minuta"},"schema":{"@context":"https:\/\/schema.org","@graph":[{"@type":"WebPage","@id":"https:\/\/saunatao.com\/cs\/objednavka-servisu\/","url":"https:\/\/saunatao.com\/cs\/objednavka-servisu\/","name":"Objedn\u00e1vka servisu | Sauna TAO","isPartOf":{"@id":"https:\/\/saunatao.com\/cs\/#website"},"datePublished":"2022-01-24T12:59:20+00:00","dateModified":"2024-07-26T13:56:36+00:00","description":"Objednejte si servis pro va\u0161i saunu. R\u00e1di v\u00e1m po\u0161lete nab\u00eddku na servis.","breadcrumb":{"@id":"https:\/\/saunatao.com\/cs\/objednavka-servisu\/#breadcrumb"},"inLanguage":"cs","potentialAction":[{"@type":"ReadAction","target":["https:\/\/saunatao.com\/cs\/objednavka-servisu\/"]}]},{"@type":"BreadcrumbList","@id":"https:\/\/saunatao.com\/cs\/objednavka-servisu\/#breadcrumb","itemListElement":[{"@type":"ListItem","position":1,"name":"Home","item":"https:\/\/saunatao.com\/cs\/"},{"@type":"ListItem","position":2,"name":"Objedn\u00e1vka servisu"}]},{"@type":"WebSite","@id":"https:\/\/saunatao.com\/cs\/#website","url":"https:\/\/saunatao.com\/cs\/","name":"Sauna TAO","description":"Za\u017eijte Sauna TAO","publisher":{"@id":"https:\/\/saunatao.com\/cs\/#organization"},"potentialAction":[{"@type":"SearchAction","target":{"@type":"EntryPoint","urlTemplate":"https:\/\/saunatao.com\/cs\/?s={search_term_string}"},"query-input":{"@type":"PropertyValueSpecification","valueRequired":true,"valueName":"search_term_string"}}],"inLanguage":"cs"},{"@type":"Organization","@id":"https:\/\/saunatao.com\/cs\/#organization","name":"Aquamarine Spa","url":"https:\/\/saunatao.com\/cs\/","logo":{"@type":"ImageObject","inLanguage":"cs","@id":"https:\/\/saunatao.com\/cs\/#\/schema\/logo\/image\/","url":"https:\/\/saunatao.com\/wp-content\/uploads\/2021\/10\/aquamarinespa-logo.jpg","contentUrl":"https:\/\/saunatao.com\/wp-content\/uploads\/2021\/10\/aquamarinespa-logo.jpg","width":1018,"height":499,"caption":"Aquamarine Spa"},"image":{"@id":"https:\/\/saunatao.com\/cs\/#\/schema\/logo\/image\/"},"sameAs":["https:\/\/www.facebook.com\/aquamarinespacz\/","https:\/\/www.instagram.com\/aquamarinespacz\/","https:\/\/cz.pinterest.com\/aquamarinespa\/_created\/","https:\/\/www.youtube.com\/channel\/UCvQ2S0WBOTcT7OEAVfISYHg"]}]}},"_links":{"self":[{"href":"https:\/\/saunatao.com\/cs\/wp-json\/wp\/v2\/pages\/5813","targetHints":{"allow":["GET"]}}],"collection":[{"href":"https:\/\/saunatao.com\/cs\/wp-json\/wp\/v2\/pages"}],"about":[{"href":"https:\/\/saunatao.com\/cs\/wp-json\/wp\/v2\/types\/page"}],"author":[{"embeddable":true,"href":"https:\/\/saunatao.com\/cs\/wp-json\/wp\/v2\/users\/1"}],"replies":[{"embeddable":true,"href":"https:\/\/saunatao.com\/cs\/wp-json\/wp\/v2\/comments?post=5813"}],"version-history":[{"count":1,"href":"https:\/\/saunatao.com\/cs\/wp-json\/wp\/v2\/pages\/5813\/revisions"}],"predecessor-version":[{"id":10170,"href":"https:\/\/saunatao.com\/cs\/wp-json\/wp\/v2\/pages\/5813\/revisions\/10170"}],"wp:attachment":[{"href":"https:\/\/saunatao.com\/cs\/wp-json\/wp\/v2\/media?parent=5813"}],"curies":[{"name":"wp","href":"https:\/\/api.w.org\/{rel}","templated":true}]}}