{"id":5732,"date":"2022-01-21T14:38:15","date_gmt":"2022-01-21T14:38:15","guid":{"rendered":"https:\/\/aquamarine.boost.codes\/?page_id=5732"},"modified":"2023-08-08T14:52:28","modified_gmt":"2023-08-08T14:52:28","slug":"ziskat-detailni-cenovou-nabidku","status":"publish","type":"page","link":"https:\/\/saunatao.com\/cs\/ziskat-detailni-cenovou-nabidku\/","title":{"rendered":"Z\u00edskat detailn\u00ed cenovou nab\u00eddku"},"content":{"rendered":"<section class=\"section--catalogue section--light\">\n<div class=\"inner\">\n<h1 class=\"heading heading--bigger heading--center heading--black heading--underline\">Z\u00edskat detailn\u00ed cenovou nab\u00eddku<\/h1>\n<div class=\"row\">\n<div class=\"col-xs-12 col-sm-12 col-md-2 col-lg-2\"><\/div>\n<div class=\"col-xs-12 col-sm-12 col-md-8 col-lg-8\">\n<p class=\"paragraph paragraph--medium align-center margin-top--05x\"><strong>Po odesl\u00e1n\u00ed formul\u00e1\u0159e v\u00e1m ihned za\u0161leme PDF s orienta\u010dn\u00edmi cenami na\u0161ich produkt\u016f.<br \/>\n<\/strong>  <\/p>\n<p class=\"paragraph paragraph--medium align-center margin-top--05x\">Abychom v\u00e1m mohli zaslat p\u0159esnou cenovou nab\u00eddku pro v\u00e1s, popi\u0161te pros\u00edm co nejpodrobn\u011bji specifikace va\u0161eho projektu. Uve\u010fte tak\u00e9 sv\u00e9 telefonn\u00ed \u010d\u00edslo a e-mail pro p\u0159\u00edpad, \u017ee bychom od v\u00e1s pot\u0159ebovali bli\u017e\u0161\u00ed informace.<\/p>\n<\/p><\/div>\n<div class=\"col-xs-12 col-sm-12 col-md-2 col-lg-2\"><\/div><\/div>\n<div class=\"section--catalogue-form\">\n\t\t\t\t<span class=\"paragraph paragraph--medium section--catalogue-form-required-data input-required\">povinn\u00e1 pole<\/span><br \/>\n\t\t\t\t<div class=\"boost-space-forms\" id=\"bsf-id-3\"><\/div><script src=\"https:\/\/tao.boost.space\/api\/custom_form.js?id=3&integrity=f30e017b3b1c3f9e437e187140b1892b&el=bsf-id-3&callback=boostSpaceFormsInit&csubmit=boostSpaceFormsSuccessSubmit&lang=cs&v=0.4.9\" data-form=\"boost-space\"><\/script>\n\t\t\t<\/div><\/div>\n<p> <!-- .inner --><br \/>\n<\/section>\n<p> <!-- section products --><\/p>\n","protected":false},"excerpt":{"rendered":"Z\u00edskat detailn\u00ed cenovou nab\u00eddku Po odesl\u00e1n\u00ed formul\u00e1\u0159e v\u00e1m ihned za\u0161leme PDF s orienta\u010dn\u00edmi cenami na\u0161ich produkt\u016f. Abychom v\u00e1m mohli zaslat p\u0159esnou cenovou nab\u00eddku pro v\u00e1s, popi\u0161te pros\u00edm co nejpodrobn\u011bji specifikace va\u0161eho projektu. Uve\u010fte tak\u00e9 sv\u00e9 telefonn\u00ed \u010d\u00edslo a e-mail pro p\u0159\u00edpad, \u017ee bychom od v\u00e1s pot\u0159ebovali bli\u017e\u0161\u00ed informace. povinn\u00e1 pole","protected":false},"author":1,"featured_media":0,"parent":0,"menu_order":0,"comment_status":"closed","ping_status":"closed","template":"","meta":{"_acf_changed":false,"footnotes":""},"class_list":["post-5732","page","type-page","status-publish","hentry"],"acf":[],"yoast_head":"<!-- This site is optimized with the Yoast SEO plugin v27.3 - https:\/\/yoast.com\/product\/yoast-seo-wordpress\/ -->\n<title>Z\u00edskat detailn\u00ed cenovou nab\u00eddku | Sauna TAO<\/title>\n<meta name=\"robots\" content=\"index, follow, max-snippet:-1, max-image-preview:large, max-video-preview:-1\" \/>\n<link rel=\"canonical\" href=\"https:\/\/saunatao.com\/cs\/ziskat-detailni-cenovou-nabidku\/\" \/>\n<meta property=\"og:locale\" content=\"cs_CZ\" \/>\n<meta property=\"og:type\" content=\"article\" \/>\n<meta property=\"og:title\" content=\"Z\u00edskat detailn\u00ed cenovou nab\u00eddku | Sauna TAO\" \/>\n<meta property=\"og:description\" content=\"Z\u00edskat detailn\u00ed cenovou nab\u00eddku Po odesl\u00e1n\u00ed formul\u00e1\u0159e v\u00e1m ihned za\u0161leme PDF s orienta\u010dn\u00edmi cenami na\u0161ich produkt\u016f. Abychom v\u00e1m mohli zaslat p\u0159esnou cenovou nab\u00eddku pro v\u00e1s, popi\u0161te pros\u00edm co nejpodrobn\u011bji specifikace va\u0161eho projektu. Uve\u010fte tak\u00e9 sv\u00e9 telefonn\u00ed \u010d\u00edslo a e-mail pro p\u0159\u00edpad, \u017ee bychom od v\u00e1s pot\u0159ebovali bli\u017e\u0161\u00ed informace. povinn\u00e1 pole\" \/>\n<meta property=\"og:url\" content=\"https:\/\/saunatao.com\/cs\/ziskat-detailni-cenovou-nabidku\/\" \/>\n<meta property=\"og:site_name\" content=\"Sauna TAO\" \/>\n<meta property=\"article:publisher\" content=\"https:\/\/www.facebook.com\/aquamarinespacz\/\" \/>\n<meta property=\"article:modified_time\" content=\"2023-08-08T14:52:28+00:00\" \/>\n<meta name=\"twitter:card\" content=\"summary_large_image\" \/>\n<meta name=\"twitter:label1\" content=\"Odhadovan\u00e1 doba \u010dten\u00ed\" \/>\n\t<meta name=\"twitter:data1\" content=\"1 minuta\" \/>\n<script type=\"application\/ld+json\" class=\"yoast-schema-graph\">{\"@context\":\"https:\\\/\\\/schema.org\",\"@graph\":[{\"@type\":\"WebPage\",\"@id\":\"https:\\\/\\\/saunatao.com\\\/cs\\\/ziskat-detailni-cenovou-nabidku\\\/\",\"url\":\"https:\\\/\\\/saunatao.com\\\/cs\\\/ziskat-detailni-cenovou-nabidku\\\/\",\"name\":\"Z\u00edskat detailn\u00ed cenovou nab\u00eddku | Sauna TAO\",\"isPartOf\":{\"@id\":\"https:\\\/\\\/saunatao.com\\\/cs\\\/#website\"},\"datePublished\":\"2022-01-21T14:38:15+00:00\",\"dateModified\":\"2023-08-08T14:52:28+00:00\",\"breadcrumb\":{\"@id\":\"https:\\\/\\\/saunatao.com\\\/cs\\\/ziskat-detailni-cenovou-nabidku\\\/#breadcrumb\"},\"inLanguage\":\"cs\",\"potentialAction\":[{\"@type\":\"ReadAction\",\"target\":[\"https:\\\/\\\/saunatao.com\\\/cs\\\/ziskat-detailni-cenovou-nabidku\\\/\"]}]},{\"@type\":\"BreadcrumbList\",\"@id\":\"https:\\\/\\\/saunatao.com\\\/cs\\\/ziskat-detailni-cenovou-nabidku\\\/#breadcrumb\",\"itemListElement\":[{\"@type\":\"ListItem\",\"position\":1,\"name\":\"Home\",\"item\":\"https:\\\/\\\/saunatao.com\\\/cs\\\/\"},{\"@type\":\"ListItem\",\"position\":2,\"name\":\"Z\u00edskat detailn\u00ed cenovou nab\u00eddku\"}]},{\"@type\":\"WebSite\",\"@id\":\"https:\\\/\\\/saunatao.com\\\/cs\\\/#website\",\"url\":\"https:\\\/\\\/saunatao.com\\\/cs\\\/\",\"name\":\"Sauna TAO\",\"description\":\"Za\u017eijte Sauna TAO\",\"publisher\":{\"@id\":\"https:\\\/\\\/saunatao.com\\\/cs\\\/#organization\"},\"potentialAction\":[{\"@type\":\"SearchAction\",\"target\":{\"@type\":\"EntryPoint\",\"urlTemplate\":\"https:\\\/\\\/saunatao.com\\\/cs\\\/?s={search_term_string}\"},\"query-input\":{\"@type\":\"PropertyValueSpecification\",\"valueRequired\":true,\"valueName\":\"search_term_string\"}}],\"inLanguage\":\"cs\"},{\"@type\":\"Organization\",\"@id\":\"https:\\\/\\\/saunatao.com\\\/cs\\\/#organization\",\"name\":\"Aquamarine Spa\",\"url\":\"https:\\\/\\\/saunatao.com\\\/cs\\\/\",\"logo\":{\"@type\":\"ImageObject\",\"inLanguage\":\"cs\",\"@id\":\"https:\\\/\\\/saunatao.com\\\/cs\\\/#\\\/schema\\\/logo\\\/image\\\/\",\"url\":\"https:\\\/\\\/saunatao.com\\\/wp-content\\\/uploads\\\/2021\\\/10\\\/aquamarinespa-logo.jpg\",\"contentUrl\":\"https:\\\/\\\/saunatao.com\\\/wp-content\\\/uploads\\\/2021\\\/10\\\/aquamarinespa-logo.jpg\",\"width\":1018,\"height\":499,\"caption\":\"Aquamarine Spa\"},\"image\":{\"@id\":\"https:\\\/\\\/saunatao.com\\\/cs\\\/#\\\/schema\\\/logo\\\/image\\\/\"},\"sameAs\":[\"https:\\\/\\\/www.facebook.com\\\/aquamarinespacz\\\/\",\"https:\\\/\\\/www.instagram.com\\\/aquamarinespacz\\\/\",\"https:\\\/\\\/cz.pinterest.com\\\/aquamarinespa\\\/_created\\\/\",\"https:\\\/\\\/www.youtube.com\\\/channel\\\/UCvQ2S0WBOTcT7OEAVfISYHg\"]}]}<\/script>\n<!-- \/ Yoast SEO plugin. -->","yoast_head_json":{"title":"Z\u00edskat detailn\u00ed cenovou nab\u00eddku | Sauna TAO","robots":{"index":"index","follow":"follow","max-snippet":"max-snippet:-1","max-image-preview":"max-image-preview:large","max-video-preview":"max-video-preview:-1"},"canonical":"https:\/\/saunatao.com\/cs\/ziskat-detailni-cenovou-nabidku\/","og_locale":"cs_CZ","og_type":"article","og_title":"Z\u00edskat detailn\u00ed cenovou nab\u00eddku | Sauna TAO","og_description":"Z\u00edskat detailn\u00ed cenovou nab\u00eddku Po odesl\u00e1n\u00ed formul\u00e1\u0159e v\u00e1m ihned za\u0161leme PDF s orienta\u010dn\u00edmi cenami na\u0161ich produkt\u016f. Abychom v\u00e1m mohli zaslat p\u0159esnou cenovou nab\u00eddku pro v\u00e1s, popi\u0161te pros\u00edm co nejpodrobn\u011bji specifikace va\u0161eho projektu. Uve\u010fte tak\u00e9 sv\u00e9 telefonn\u00ed \u010d\u00edslo a e-mail pro p\u0159\u00edpad, \u017ee bychom od v\u00e1s pot\u0159ebovali bli\u017e\u0161\u00ed informace. povinn\u00e1 pole","og_url":"https:\/\/saunatao.com\/cs\/ziskat-detailni-cenovou-nabidku\/","og_site_name":"Sauna TAO","article_publisher":"https:\/\/www.facebook.com\/aquamarinespacz\/","article_modified_time":"2023-08-08T14:52:28+00:00","twitter_card":"summary_large_image","twitter_misc":{"Odhadovan\u00e1 doba \u010dten\u00ed":"1 minuta"},"schema":{"@context":"https:\/\/schema.org","@graph":[{"@type":"WebPage","@id":"https:\/\/saunatao.com\/cs\/ziskat-detailni-cenovou-nabidku\/","url":"https:\/\/saunatao.com\/cs\/ziskat-detailni-cenovou-nabidku\/","name":"Z\u00edskat detailn\u00ed cenovou nab\u00eddku | Sauna TAO","isPartOf":{"@id":"https:\/\/saunatao.com\/cs\/#website"},"datePublished":"2022-01-21T14:38:15+00:00","dateModified":"2023-08-08T14:52:28+00:00","breadcrumb":{"@id":"https:\/\/saunatao.com\/cs\/ziskat-detailni-cenovou-nabidku\/#breadcrumb"},"inLanguage":"cs","potentialAction":[{"@type":"ReadAction","target":["https:\/\/saunatao.com\/cs\/ziskat-detailni-cenovou-nabidku\/"]}]},{"@type":"BreadcrumbList","@id":"https:\/\/saunatao.com\/cs\/ziskat-detailni-cenovou-nabidku\/#breadcrumb","itemListElement":[{"@type":"ListItem","position":1,"name":"Home","item":"https:\/\/saunatao.com\/cs\/"},{"@type":"ListItem","position":2,"name":"Z\u00edskat detailn\u00ed cenovou nab\u00eddku"}]},{"@type":"WebSite","@id":"https:\/\/saunatao.com\/cs\/#website","url":"https:\/\/saunatao.com\/cs\/","name":"Sauna TAO","description":"Za\u017eijte Sauna TAO","publisher":{"@id":"https:\/\/saunatao.com\/cs\/#organization"},"potentialAction":[{"@type":"SearchAction","target":{"@type":"EntryPoint","urlTemplate":"https:\/\/saunatao.com\/cs\/?s={search_term_string}"},"query-input":{"@type":"PropertyValueSpecification","valueRequired":true,"valueName":"search_term_string"}}],"inLanguage":"cs"},{"@type":"Organization","@id":"https:\/\/saunatao.com\/cs\/#organization","name":"Aquamarine Spa","url":"https:\/\/saunatao.com\/cs\/","logo":{"@type":"ImageObject","inLanguage":"cs","@id":"https:\/\/saunatao.com\/cs\/#\/schema\/logo\/image\/","url":"https:\/\/saunatao.com\/wp-content\/uploads\/2021\/10\/aquamarinespa-logo.jpg","contentUrl":"https:\/\/saunatao.com\/wp-content\/uploads\/2021\/10\/aquamarinespa-logo.jpg","width":1018,"height":499,"caption":"Aquamarine Spa"},"image":{"@id":"https:\/\/saunatao.com\/cs\/#\/schema\/logo\/image\/"},"sameAs":["https:\/\/www.facebook.com\/aquamarinespacz\/","https:\/\/www.instagram.com\/aquamarinespacz\/","https:\/\/cz.pinterest.com\/aquamarinespa\/_created\/","https:\/\/www.youtube.com\/channel\/UCvQ2S0WBOTcT7OEAVfISYHg"]}]}},"_links":{"self":[{"href":"https:\/\/saunatao.com\/cs\/wp-json\/wp\/v2\/pages\/5732","targetHints":{"allow":["GET"]}}],"collection":[{"href":"https:\/\/saunatao.com\/cs\/wp-json\/wp\/v2\/pages"}],"about":[{"href":"https:\/\/saunatao.com\/cs\/wp-json\/wp\/v2\/types\/page"}],"author":[{"embeddable":true,"href":"https:\/\/saunatao.com\/cs\/wp-json\/wp\/v2\/users\/1"}],"replies":[{"embeddable":true,"href":"https:\/\/saunatao.com\/cs\/wp-json\/wp\/v2\/comments?post=5732"}],"version-history":[{"count":4,"href":"https:\/\/saunatao.com\/cs\/wp-json\/wp\/v2\/pages\/5732\/revisions"}],"predecessor-version":[{"id":9160,"href":"https:\/\/saunatao.com\/cs\/wp-json\/wp\/v2\/pages\/5732\/revisions\/9160"}],"wp:attachment":[{"href":"https:\/\/saunatao.com\/cs\/wp-json\/wp\/v2\/media?parent=5732"}],"curies":[{"name":"wp","href":"https:\/\/api.w.org\/{rel}","templated":true}]}}