{"id":3467,"date":"2020-08-19T13:17:53","date_gmt":"2020-08-19T13:17:53","guid":{"rendered":"https:\/\/imaginox.boost.codes\/produkty\/skimmer-pools\/"},"modified":"2025-07-24T18:54:00","modified_gmt":"2025-07-24T18:54:00","slug":"sauny-tao-privatni-a-komercni-sauny-tao","status":"publish","type":"page","link":"https:\/\/saunatao.com\/cs\/produkty\/sauny-tao-privatni-a-komercni-sauny-tao\/","title":{"rendered":"Sauny TAO"},"content":{"rendered":"","protected":false},"excerpt":{"rendered":"","protected":false},"author":1,"featured_media":0,"parent":3427,"menu_order":0,"comment_status":"closed","ping_status":"closed","template":"acf-tao-sauny.php","meta":{"_acf_changed":false,"footnotes":""},"class_list":["post-3467","page","type-page","status-publish","hentry"],"acf":[],"yoast_head":"<!-- This site is optimized with the Yoast SEO plugin v27.3 - https:\/\/yoast.com\/product\/yoast-seo-wordpress\/ -->\n<title>Priv\u00e1tn\u00ed a komer\u010dn\u00ed sauny TAO \u2248 Sauna TAO<\/title>\n<meta name=\"description\" content=\"Priv\u00e1tn\u00ed a komer\u010dn\u00ed sauny TAO. Saunov\u00e9 kabiny jsou samoz\u0159ejmou sou\u010d\u00e1st\u00ed ve\u0159ejn\u00fdch wellness a dneska u\u017e i priv\u00e1tn\u00edch wellness.\" \/>\n<meta name=\"robots\" content=\"index, follow, max-snippet:-1, max-image-preview:large, max-video-preview:-1\" \/>\n<link rel=\"canonical\" href=\"https:\/\/saunatao.com\/cs\/produkty\/sauny-tao-privatni-a-komercni-sauny-tao\/\" \/>\n<meta property=\"og:locale\" content=\"cs_CZ\" \/>\n<meta property=\"og:type\" content=\"article\" \/>\n<meta property=\"og:title\" content=\"Priv\u00e1tn\u00ed a komer\u010dn\u00ed sauny TAO \u2248 Sauna TAO\" \/>\n<meta property=\"og:description\" content=\"Priv\u00e1tn\u00ed a komer\u010dn\u00ed sauny TAO. Saunov\u00e9 kabiny jsou samoz\u0159ejmou sou\u010d\u00e1st\u00ed ve\u0159ejn\u00fdch wellness a dneska u\u017e i priv\u00e1tn\u00edch wellness.\" \/>\n<meta property=\"og:url\" content=\"https:\/\/saunatao.com\/cs\/produkty\/sauny-tao-privatni-a-komercni-sauny-tao\/\" \/>\n<meta property=\"og:site_name\" content=\"Sauna TAO\" \/>\n<meta property=\"article:publisher\" content=\"https:\/\/www.facebook.com\/aquamarinespacz\/\" \/>\n<meta property=\"article:modified_time\" content=\"2025-07-24T18:54:00+00:00\" \/>\n<meta name=\"twitter:card\" content=\"summary_large_image\" \/>\n<script type=\"application\/ld+json\" class=\"yoast-schema-graph\">{\"@context\":\"https:\\\/\\\/schema.org\",\"@graph\":[{\"@type\":\"WebPage\",\"@id\":\"https:\\\/\\\/saunatao.com\\\/cs\\\/produkty\\\/sauny-tao-privatni-a-komercni-sauny-tao\\\/\",\"url\":\"https:\\\/\\\/saunatao.com\\\/cs\\\/produkty\\\/sauny-tao-privatni-a-komercni-sauny-tao\\\/\",\"name\":\"Priv\u00e1tn\u00ed a komer\u010dn\u00ed sauny TAO \u2248 Sauna TAO\",\"isPartOf\":{\"@id\":\"https:\\\/\\\/saunatao.com\\\/cs\\\/#website\"},\"datePublished\":\"2020-08-19T13:17:53+00:00\",\"dateModified\":\"2025-07-24T18:54:00+00:00\",\"description\":\"Priv\u00e1tn\u00ed a komer\u010dn\u00ed sauny TAO. Saunov\u00e9 kabiny jsou samoz\u0159ejmou sou\u010d\u00e1st\u00ed ve\u0159ejn\u00fdch wellness a dneska u\u017e i priv\u00e1tn\u00edch wellness.\",\"breadcrumb\":{\"@id\":\"https:\\\/\\\/saunatao.com\\\/cs\\\/produkty\\\/sauny-tao-privatni-a-komercni-sauny-tao\\\/#breadcrumb\"},\"inLanguage\":\"cs\",\"potentialAction\":[{\"@type\":\"ReadAction\",\"target\":[\"https:\\\/\\\/saunatao.com\\\/cs\\\/produkty\\\/sauny-tao-privatni-a-komercni-sauny-tao\\\/\"]}]},{\"@type\":\"BreadcrumbList\",\"@id\":\"https:\\\/\\\/saunatao.com\\\/cs\\\/produkty\\\/sauny-tao-privatni-a-komercni-sauny-tao\\\/#breadcrumb\",\"itemListElement\":[{\"@type\":\"ListItem\",\"position\":1,\"name\":\"Home\",\"item\":\"https:\\\/\\\/saunatao.com\\\/cs\\\/\"},{\"@type\":\"ListItem\",\"position\":2,\"name\":\"Produkty\",\"item\":\"https:\\\/\\\/saunatao.com\\\/cs\\\/produkty\\\/\"},{\"@type\":\"ListItem\",\"position\":3,\"name\":\"Sauny TAO\"}]},{\"@type\":\"WebSite\",\"@id\":\"https:\\\/\\\/saunatao.com\\\/cs\\\/#website\",\"url\":\"https:\\\/\\\/saunatao.com\\\/cs\\\/\",\"name\":\"Sauna TAO\",\"description\":\"Za\u017eijte Sauna TAO\",\"publisher\":{\"@id\":\"https:\\\/\\\/saunatao.com\\\/cs\\\/#organization\"},\"potentialAction\":[{\"@type\":\"SearchAction\",\"target\":{\"@type\":\"EntryPoint\",\"urlTemplate\":\"https:\\\/\\\/saunatao.com\\\/cs\\\/?s={search_term_string}\"},\"query-input\":{\"@type\":\"PropertyValueSpecification\",\"valueRequired\":true,\"valueName\":\"search_term_string\"}}],\"inLanguage\":\"cs\"},{\"@type\":\"Organization\",\"@id\":\"https:\\\/\\\/saunatao.com\\\/cs\\\/#organization\",\"name\":\"Aquamarine Spa\",\"url\":\"https:\\\/\\\/saunatao.com\\\/cs\\\/\",\"logo\":{\"@type\":\"ImageObject\",\"inLanguage\":\"cs\",\"@id\":\"https:\\\/\\\/saunatao.com\\\/cs\\\/#\\\/schema\\\/logo\\\/image\\\/\",\"url\":\"https:\\\/\\\/saunatao.com\\\/wp-content\\\/uploads\\\/2021\\\/10\\\/aquamarinespa-logo.jpg\",\"contentUrl\":\"https:\\\/\\\/saunatao.com\\\/wp-content\\\/uploads\\\/2021\\\/10\\\/aquamarinespa-logo.jpg\",\"width\":1018,\"height\":499,\"caption\":\"Aquamarine Spa\"},\"image\":{\"@id\":\"https:\\\/\\\/saunatao.com\\\/cs\\\/#\\\/schema\\\/logo\\\/image\\\/\"},\"sameAs\":[\"https:\\\/\\\/www.facebook.com\\\/aquamarinespacz\\\/\",\"https:\\\/\\\/www.instagram.com\\\/aquamarinespacz\\\/\",\"https:\\\/\\\/cz.pinterest.com\\\/aquamarinespa\\\/_created\\\/\",\"https:\\\/\\\/www.youtube.com\\\/channel\\\/UCvQ2S0WBOTcT7OEAVfISYHg\"]}]}<\/script>\n<!-- \/ Yoast SEO plugin. -->","yoast_head_json":{"title":"Priv\u00e1tn\u00ed a komer\u010dn\u00ed sauny TAO \u2248 Sauna TAO","description":"Priv\u00e1tn\u00ed a komer\u010dn\u00ed sauny TAO. Saunov\u00e9 kabiny jsou samoz\u0159ejmou sou\u010d\u00e1st\u00ed ve\u0159ejn\u00fdch wellness a dneska u\u017e i priv\u00e1tn\u00edch wellness.","robots":{"index":"index","follow":"follow","max-snippet":"max-snippet:-1","max-image-preview":"max-image-preview:large","max-video-preview":"max-video-preview:-1"},"canonical":"https:\/\/saunatao.com\/cs\/produkty\/sauny-tao-privatni-a-komercni-sauny-tao\/","og_locale":"cs_CZ","og_type":"article","og_title":"Priv\u00e1tn\u00ed a komer\u010dn\u00ed sauny TAO \u2248 Sauna TAO","og_description":"Priv\u00e1tn\u00ed a komer\u010dn\u00ed sauny TAO. Saunov\u00e9 kabiny jsou samoz\u0159ejmou sou\u010d\u00e1st\u00ed ve\u0159ejn\u00fdch wellness a dneska u\u017e i priv\u00e1tn\u00edch wellness.","og_url":"https:\/\/saunatao.com\/cs\/produkty\/sauny-tao-privatni-a-komercni-sauny-tao\/","og_site_name":"Sauna TAO","article_publisher":"https:\/\/www.facebook.com\/aquamarinespacz\/","article_modified_time":"2025-07-24T18:54:00+00:00","twitter_card":"summary_large_image","schema":{"@context":"https:\/\/schema.org","@graph":[{"@type":"WebPage","@id":"https:\/\/saunatao.com\/cs\/produkty\/sauny-tao-privatni-a-komercni-sauny-tao\/","url":"https:\/\/saunatao.com\/cs\/produkty\/sauny-tao-privatni-a-komercni-sauny-tao\/","name":"Priv\u00e1tn\u00ed a komer\u010dn\u00ed sauny TAO \u2248 Sauna TAO","isPartOf":{"@id":"https:\/\/saunatao.com\/cs\/#website"},"datePublished":"2020-08-19T13:17:53+00:00","dateModified":"2025-07-24T18:54:00+00:00","description":"Priv\u00e1tn\u00ed a komer\u010dn\u00ed sauny TAO. Saunov\u00e9 kabiny jsou samoz\u0159ejmou sou\u010d\u00e1st\u00ed ve\u0159ejn\u00fdch wellness a dneska u\u017e i priv\u00e1tn\u00edch wellness.","breadcrumb":{"@id":"https:\/\/saunatao.com\/cs\/produkty\/sauny-tao-privatni-a-komercni-sauny-tao\/#breadcrumb"},"inLanguage":"cs","potentialAction":[{"@type":"ReadAction","target":["https:\/\/saunatao.com\/cs\/produkty\/sauny-tao-privatni-a-komercni-sauny-tao\/"]}]},{"@type":"BreadcrumbList","@id":"https:\/\/saunatao.com\/cs\/produkty\/sauny-tao-privatni-a-komercni-sauny-tao\/#breadcrumb","itemListElement":[{"@type":"ListItem","position":1,"name":"Home","item":"https:\/\/saunatao.com\/cs\/"},{"@type":"ListItem","position":2,"name":"Produkty","item":"https:\/\/saunatao.com\/cs\/produkty\/"},{"@type":"ListItem","position":3,"name":"Sauny TAO"}]},{"@type":"WebSite","@id":"https:\/\/saunatao.com\/cs\/#website","url":"https:\/\/saunatao.com\/cs\/","name":"Sauna TAO","description":"Za\u017eijte Sauna TAO","publisher":{"@id":"https:\/\/saunatao.com\/cs\/#organization"},"potentialAction":[{"@type":"SearchAction","target":{"@type":"EntryPoint","urlTemplate":"https:\/\/saunatao.com\/cs\/?s={search_term_string}"},"query-input":{"@type":"PropertyValueSpecification","valueRequired":true,"valueName":"search_term_string"}}],"inLanguage":"cs"},{"@type":"Organization","@id":"https:\/\/saunatao.com\/cs\/#organization","name":"Aquamarine Spa","url":"https:\/\/saunatao.com\/cs\/","logo":{"@type":"ImageObject","inLanguage":"cs","@id":"https:\/\/saunatao.com\/cs\/#\/schema\/logo\/image\/","url":"https:\/\/saunatao.com\/wp-content\/uploads\/2021\/10\/aquamarinespa-logo.jpg","contentUrl":"https:\/\/saunatao.com\/wp-content\/uploads\/2021\/10\/aquamarinespa-logo.jpg","width":1018,"height":499,"caption":"Aquamarine Spa"},"image":{"@id":"https:\/\/saunatao.com\/cs\/#\/schema\/logo\/image\/"},"sameAs":["https:\/\/www.facebook.com\/aquamarinespacz\/","https:\/\/www.instagram.com\/aquamarinespacz\/","https:\/\/cz.pinterest.com\/aquamarinespa\/_created\/","https:\/\/www.youtube.com\/channel\/UCvQ2S0WBOTcT7OEAVfISYHg"]}]}},"_links":{"self":[{"href":"https:\/\/saunatao.com\/cs\/wp-json\/wp\/v2\/pages\/3467","targetHints":{"allow":["GET"]}}],"collection":[{"href":"https:\/\/saunatao.com\/cs\/wp-json\/wp\/v2\/pages"}],"about":[{"href":"https:\/\/saunatao.com\/cs\/wp-json\/wp\/v2\/types\/page"}],"author":[{"embeddable":true,"href":"https:\/\/saunatao.com\/cs\/wp-json\/wp\/v2\/users\/1"}],"replies":[{"embeddable":true,"href":"https:\/\/saunatao.com\/cs\/wp-json\/wp\/v2\/comments?post=3467"}],"version-history":[{"count":2,"href":"https:\/\/saunatao.com\/cs\/wp-json\/wp\/v2\/pages\/3467\/revisions"}],"predecessor-version":[{"id":10907,"href":"https:\/\/saunatao.com\/cs\/wp-json\/wp\/v2\/pages\/3467\/revisions\/10907"}],"up":[{"embeddable":true,"href":"https:\/\/saunatao.com\/cs\/wp-json\/wp\/v2\/pages\/3427"}],"wp:attachment":[{"href":"https:\/\/saunatao.com\/cs\/wp-json\/wp\/v2\/media?parent=3467"}],"curies":[{"name":"wp","href":"https:\/\/api.w.org\/{rel}","templated":true}]}}