{"id":3455,"date":"2020-08-19T13:17:08","date_gmt":"2020-08-19T13:17:08","guid":{"rendered":"https:\/\/imaginox.boost.codes\/produkty\/deck-level-pools\/"},"modified":"2024-07-26T14:00:26","modified_gmt":"2024-07-26T14:00:26","slug":"sauny-tao-parni-kabiny-tao","status":"publish","type":"page","link":"https:\/\/saunatao.com\/cs\/produkty\/sauny-tao-parni-kabiny-tao\/","title":{"rendered":"Parn\u00ed kabiny TAO"},"content":{"rendered":"","protected":false},"excerpt":{"rendered":"","protected":false},"author":1,"featured_media":0,"parent":3427,"menu_order":0,"comment_status":"closed","ping_status":"closed","template":"products-saunas.php","meta":{"_acf_changed":false,"footnotes":""},"class_list":["post-3455","page","type-page","status-publish","hentry"],"acf":[],"yoast_head":"<!-- This site is optimized with the Yoast SEO plugin v27.3 - https:\/\/yoast.com\/product\/yoast-seo-wordpress\/ -->\n<title>Parn\u00ed kabiny TAO \u2248 Sauna TAO<\/title>\n<meta name=\"description\" content=\"Parn\u00ed sauny TAO nab\u00edz\u00ed odpo\u010dinek v p\u00e1\u0159e a dokonal\u00fd relax a uvoln\u011bn\u00ed. Vysok\u00e1, a\u017e stoprocentn\u00ed vlhkost umo\u017e\u0148uje kvalitn\u00ed odpo\u010dinek.\" \/>\n<meta name=\"robots\" content=\"index, follow, max-snippet:-1, max-image-preview:large, max-video-preview:-1\" \/>\n<link rel=\"canonical\" href=\"https:\/\/saunatao.com\/cs\/produkty\/sauny-tao-parni-kabiny-tao\/\" \/>\n<meta property=\"og:locale\" content=\"cs_CZ\" \/>\n<meta property=\"og:type\" content=\"article\" \/>\n<meta property=\"og:title\" content=\"Parn\u00ed kabiny TAO \u2248 Sauna TAO\" \/>\n<meta property=\"og:description\" content=\"Parn\u00ed sauny TAO nab\u00edz\u00ed odpo\u010dinek v p\u00e1\u0159e a dokonal\u00fd relax a uvoln\u011bn\u00ed. Vysok\u00e1, a\u017e stoprocentn\u00ed vlhkost umo\u017e\u0148uje kvalitn\u00ed odpo\u010dinek.\" \/>\n<meta property=\"og:url\" content=\"https:\/\/saunatao.com\/cs\/produkty\/sauny-tao-parni-kabiny-tao\/\" \/>\n<meta property=\"og:site_name\" content=\"Sauna TAO\" \/>\n<meta property=\"article:publisher\" content=\"https:\/\/www.facebook.com\/aquamarinespacz\/\" \/>\n<meta property=\"article:modified_time\" content=\"2024-07-26T14:00:26+00:00\" \/>\n<meta name=\"twitter:card\" content=\"summary_large_image\" \/>\n<script type=\"application\/ld+json\" class=\"yoast-schema-graph\">{\"@context\":\"https:\\\/\\\/schema.org\",\"@graph\":[{\"@type\":\"WebPage\",\"@id\":\"https:\\\/\\\/saunatao.com\\\/cs\\\/produkty\\\/sauny-tao-parni-kabiny-tao\\\/\",\"url\":\"https:\\\/\\\/saunatao.com\\\/cs\\\/produkty\\\/sauny-tao-parni-kabiny-tao\\\/\",\"name\":\"Parn\u00ed kabiny TAO \u2248 Sauna TAO\",\"isPartOf\":{\"@id\":\"https:\\\/\\\/saunatao.com\\\/cs\\\/#website\"},\"datePublished\":\"2020-08-19T13:17:08+00:00\",\"dateModified\":\"2024-07-26T14:00:26+00:00\",\"description\":\"Parn\u00ed sauny TAO nab\u00edz\u00ed odpo\u010dinek v p\u00e1\u0159e a dokonal\u00fd relax a uvoln\u011bn\u00ed. Vysok\u00e1, a\u017e stoprocentn\u00ed vlhkost umo\u017e\u0148uje kvalitn\u00ed odpo\u010dinek.\",\"breadcrumb\":{\"@id\":\"https:\\\/\\\/saunatao.com\\\/cs\\\/produkty\\\/sauny-tao-parni-kabiny-tao\\\/#breadcrumb\"},\"inLanguage\":\"cs\",\"potentialAction\":[{\"@type\":\"ReadAction\",\"target\":[\"https:\\\/\\\/saunatao.com\\\/cs\\\/produkty\\\/sauny-tao-parni-kabiny-tao\\\/\"]}]},{\"@type\":\"BreadcrumbList\",\"@id\":\"https:\\\/\\\/saunatao.com\\\/cs\\\/produkty\\\/sauny-tao-parni-kabiny-tao\\\/#breadcrumb\",\"itemListElement\":[{\"@type\":\"ListItem\",\"position\":1,\"name\":\"Home\",\"item\":\"https:\\\/\\\/saunatao.com\\\/cs\\\/\"},{\"@type\":\"ListItem\",\"position\":2,\"name\":\"Produkty\",\"item\":\"https:\\\/\\\/saunatao.com\\\/cs\\\/produkty\\\/\"},{\"@type\":\"ListItem\",\"position\":3,\"name\":\"Parn\u00ed kabiny TAO\"}]},{\"@type\":\"WebSite\",\"@id\":\"https:\\\/\\\/saunatao.com\\\/cs\\\/#website\",\"url\":\"https:\\\/\\\/saunatao.com\\\/cs\\\/\",\"name\":\"Sauna TAO\",\"description\":\"Za\u017eijte Sauna TAO\",\"publisher\":{\"@id\":\"https:\\\/\\\/saunatao.com\\\/cs\\\/#organization\"},\"potentialAction\":[{\"@type\":\"SearchAction\",\"target\":{\"@type\":\"EntryPoint\",\"urlTemplate\":\"https:\\\/\\\/saunatao.com\\\/cs\\\/?s={search_term_string}\"},\"query-input\":{\"@type\":\"PropertyValueSpecification\",\"valueRequired\":true,\"valueName\":\"search_term_string\"}}],\"inLanguage\":\"cs\"},{\"@type\":\"Organization\",\"@id\":\"https:\\\/\\\/saunatao.com\\\/cs\\\/#organization\",\"name\":\"Aquamarine Spa\",\"url\":\"https:\\\/\\\/saunatao.com\\\/cs\\\/\",\"logo\":{\"@type\":\"ImageObject\",\"inLanguage\":\"cs\",\"@id\":\"https:\\\/\\\/saunatao.com\\\/cs\\\/#\\\/schema\\\/logo\\\/image\\\/\",\"url\":\"https:\\\/\\\/saunatao.com\\\/wp-content\\\/uploads\\\/2021\\\/10\\\/aquamarinespa-logo.jpg\",\"contentUrl\":\"https:\\\/\\\/saunatao.com\\\/wp-content\\\/uploads\\\/2021\\\/10\\\/aquamarinespa-logo.jpg\",\"width\":1018,\"height\":499,\"caption\":\"Aquamarine Spa\"},\"image\":{\"@id\":\"https:\\\/\\\/saunatao.com\\\/cs\\\/#\\\/schema\\\/logo\\\/image\\\/\"},\"sameAs\":[\"https:\\\/\\\/www.facebook.com\\\/aquamarinespacz\\\/\",\"https:\\\/\\\/www.instagram.com\\\/aquamarinespacz\\\/\",\"https:\\\/\\\/cz.pinterest.com\\\/aquamarinespa\\\/_created\\\/\",\"https:\\\/\\\/www.youtube.com\\\/channel\\\/UCvQ2S0WBOTcT7OEAVfISYHg\"]}]}<\/script>\n<!-- \/ Yoast SEO plugin. -->","yoast_head_json":{"title":"Parn\u00ed kabiny TAO \u2248 Sauna TAO","description":"Parn\u00ed sauny TAO nab\u00edz\u00ed odpo\u010dinek v p\u00e1\u0159e a dokonal\u00fd relax a uvoln\u011bn\u00ed. Vysok\u00e1, a\u017e stoprocentn\u00ed vlhkost umo\u017e\u0148uje kvalitn\u00ed odpo\u010dinek.","robots":{"index":"index","follow":"follow","max-snippet":"max-snippet:-1","max-image-preview":"max-image-preview:large","max-video-preview":"max-video-preview:-1"},"canonical":"https:\/\/saunatao.com\/cs\/produkty\/sauny-tao-parni-kabiny-tao\/","og_locale":"cs_CZ","og_type":"article","og_title":"Parn\u00ed kabiny TAO \u2248 Sauna TAO","og_description":"Parn\u00ed sauny TAO nab\u00edz\u00ed odpo\u010dinek v p\u00e1\u0159e a dokonal\u00fd relax a uvoln\u011bn\u00ed. Vysok\u00e1, a\u017e stoprocentn\u00ed vlhkost umo\u017e\u0148uje kvalitn\u00ed odpo\u010dinek.","og_url":"https:\/\/saunatao.com\/cs\/produkty\/sauny-tao-parni-kabiny-tao\/","og_site_name":"Sauna TAO","article_publisher":"https:\/\/www.facebook.com\/aquamarinespacz\/","article_modified_time":"2024-07-26T14:00:26+00:00","twitter_card":"summary_large_image","schema":{"@context":"https:\/\/schema.org","@graph":[{"@type":"WebPage","@id":"https:\/\/saunatao.com\/cs\/produkty\/sauny-tao-parni-kabiny-tao\/","url":"https:\/\/saunatao.com\/cs\/produkty\/sauny-tao-parni-kabiny-tao\/","name":"Parn\u00ed kabiny TAO \u2248 Sauna TAO","isPartOf":{"@id":"https:\/\/saunatao.com\/cs\/#website"},"datePublished":"2020-08-19T13:17:08+00:00","dateModified":"2024-07-26T14:00:26+00:00","description":"Parn\u00ed sauny TAO nab\u00edz\u00ed odpo\u010dinek v p\u00e1\u0159e a dokonal\u00fd relax a uvoln\u011bn\u00ed. Vysok\u00e1, a\u017e stoprocentn\u00ed vlhkost umo\u017e\u0148uje kvalitn\u00ed odpo\u010dinek.","breadcrumb":{"@id":"https:\/\/saunatao.com\/cs\/produkty\/sauny-tao-parni-kabiny-tao\/#breadcrumb"},"inLanguage":"cs","potentialAction":[{"@type":"ReadAction","target":["https:\/\/saunatao.com\/cs\/produkty\/sauny-tao-parni-kabiny-tao\/"]}]},{"@type":"BreadcrumbList","@id":"https:\/\/saunatao.com\/cs\/produkty\/sauny-tao-parni-kabiny-tao\/#breadcrumb","itemListElement":[{"@type":"ListItem","position":1,"name":"Home","item":"https:\/\/saunatao.com\/cs\/"},{"@type":"ListItem","position":2,"name":"Produkty","item":"https:\/\/saunatao.com\/cs\/produkty\/"},{"@type":"ListItem","position":3,"name":"Parn\u00ed kabiny TAO"}]},{"@type":"WebSite","@id":"https:\/\/saunatao.com\/cs\/#website","url":"https:\/\/saunatao.com\/cs\/","name":"Sauna TAO","description":"Za\u017eijte Sauna TAO","publisher":{"@id":"https:\/\/saunatao.com\/cs\/#organization"},"potentialAction":[{"@type":"SearchAction","target":{"@type":"EntryPoint","urlTemplate":"https:\/\/saunatao.com\/cs\/?s={search_term_string}"},"query-input":{"@type":"PropertyValueSpecification","valueRequired":true,"valueName":"search_term_string"}}],"inLanguage":"cs"},{"@type":"Organization","@id":"https:\/\/saunatao.com\/cs\/#organization","name":"Aquamarine Spa","url":"https:\/\/saunatao.com\/cs\/","logo":{"@type":"ImageObject","inLanguage":"cs","@id":"https:\/\/saunatao.com\/cs\/#\/schema\/logo\/image\/","url":"https:\/\/saunatao.com\/wp-content\/uploads\/2021\/10\/aquamarinespa-logo.jpg","contentUrl":"https:\/\/saunatao.com\/wp-content\/uploads\/2021\/10\/aquamarinespa-logo.jpg","width":1018,"height":499,"caption":"Aquamarine Spa"},"image":{"@id":"https:\/\/saunatao.com\/cs\/#\/schema\/logo\/image\/"},"sameAs":["https:\/\/www.facebook.com\/aquamarinespacz\/","https:\/\/www.instagram.com\/aquamarinespacz\/","https:\/\/cz.pinterest.com\/aquamarinespa\/_created\/","https:\/\/www.youtube.com\/channel\/UCvQ2S0WBOTcT7OEAVfISYHg"]}]}},"_links":{"self":[{"href":"https:\/\/saunatao.com\/cs\/wp-json\/wp\/v2\/pages\/3455","targetHints":{"allow":["GET"]}}],"collection":[{"href":"https:\/\/saunatao.com\/cs\/wp-json\/wp\/v2\/pages"}],"about":[{"href":"https:\/\/saunatao.com\/cs\/wp-json\/wp\/v2\/types\/page"}],"author":[{"embeddable":true,"href":"https:\/\/saunatao.com\/cs\/wp-json\/wp\/v2\/users\/1"}],"replies":[{"embeddable":true,"href":"https:\/\/saunatao.com\/cs\/wp-json\/wp\/v2\/comments?post=3455"}],"version-history":[{"count":1,"href":"https:\/\/saunatao.com\/cs\/wp-json\/wp\/v2\/pages\/3455\/revisions"}],"predecessor-version":[{"id":8707,"href":"https:\/\/saunatao.com\/cs\/wp-json\/wp\/v2\/pages\/3455\/revisions\/8707"}],"up":[{"embeddable":true,"href":"https:\/\/saunatao.com\/cs\/wp-json\/wp\/v2\/pages\/3427"}],"wp:attachment":[{"href":"https:\/\/saunatao.com\/cs\/wp-json\/wp\/v2\/media?parent=3455"}],"curies":[{"name":"wp","href":"https:\/\/api.w.org\/{rel}","templated":true}]}}