{"id":3394,"date":"2020-08-19T12:55:52","date_gmt":"2020-08-19T12:55:52","guid":{"rendered":"https:\/\/imaginox.boost.codes\/katalog\/"},"modified":"2024-07-26T13:54:11","modified_gmt":"2024-07-26T13:54:11","slug":"objednat-katalog","status":"publish","type":"page","link":"https:\/\/saunatao.com\/cs\/objednat-katalog\/","title":{"rendered":"Objednat katalog"},"content":{"rendered":"<section class=\"section--catalogue section--light\">\n<div class=\"inner\">\n<h1 class=\"heading heading--bigger heading--center heading--black heading--underline\">Objednat katalog<\/h1>\n<div class=\"row\">\n<div class=\"col-xs-12 col-sm-12 col-md-2 col-lg-2\"><\/div>\n<div class=\"col-xs-12 col-sm-12 col-md-8 col-lg-8\">\n<p class=\"paragraph paragraph--medium align-center margin-top--05x\">\nN\u00e1\u0161 katalog v\u00e1m doru\u010d\u00edme zcela zdarma a\u017e k v\u00e1m dom\u016f. <strong>Rovn\u011b\u017e obdr\u017e\u00edte odkaz emailem, kter\u00fd v\u00e1m umo\u017en\u00ed st\u00e1hnout si katalog v elektronick\u00e9 form\u011b.<\/strong>\n<\/p>\n<\/p><\/div>\n<div class=\"col-xs-12 col-sm-12 col-md-2 col-lg-2\"><\/div><\/div>\n<div class=\"section--catalogue-form\">\n\t\t\t\t<span class=\"paragraph paragraph--medium section--catalogue-form-required-data input-required\">povinn\u00e9 \u00fadaje<\/span><br \/>\n\t\t\t\t<div class=\"boost-space-forms\" id=\"bsf-id-1\"><\/div><script src=\"https:\/\/tao.boost.space\/api\/custom_form.js?id=1&integrity=54782a1d0532eb590455ffbccfd3e479&el=bsf-id-1&callback=boostSpaceFormsInit&csubmit=boostSpaceFormsSuccessSubmit&lang=cs&v=0.4.9\" data-form=\"boost-space\"><\/script>\n\t\t\t<\/div><\/div>\n<p> <!-- .inner --><br \/>\n<\/section>\n<p> <!-- section products --><\/p>\n","protected":false},"excerpt":{"rendered":"Objednat katalog N\u00e1\u0161 katalog v\u00e1m doru\u010d\u00edme zcela zdarma a\u017e k v\u00e1m dom\u016f. Rovn\u011b\u017e obdr\u017e\u00edte odkaz emailem, kter\u00fd v\u00e1m umo\u017en\u00ed st\u00e1hnout si katalog v elektronick\u00e9 form\u011b. povinn\u00e9 \u00fadaje","protected":false},"author":1,"featured_media":0,"parent":0,"menu_order":0,"comment_status":"closed","ping_status":"closed","template":"","meta":{"_acf_changed":false,"footnotes":""},"class_list":["post-3394","page","type-page","status-publish","hentry"],"acf":[],"yoast_head":"<!-- This site is optimized with the Yoast SEO plugin v27.3 - https:\/\/yoast.com\/product\/yoast-seo-wordpress\/ -->\n<title>Katalog saun | Sauna TAO<\/title>\n<meta name=\"description\" content=\"Bezplatn\u00e9 zasl\u00e1n\u00ed katalogu sauny TAO a\u017e k v\u00e1m dom\u016f! Katalog je k dispozici tak\u00e9 v elektronick\u00e9 podob\u011b. Objednejte si jej je\u0161t\u011b dnes.\" \/>\n<meta name=\"robots\" content=\"index, follow, max-snippet:-1, max-image-preview:large, max-video-preview:-1\" \/>\n<link rel=\"canonical\" href=\"https:\/\/saunatao.com\/cs\/objednat-katalog\/\" \/>\n<meta property=\"og:locale\" content=\"cs_CZ\" \/>\n<meta property=\"og:type\" content=\"article\" \/>\n<meta property=\"og:title\" content=\"Katalog saun | Sauna TAO\" \/>\n<meta property=\"og:description\" content=\"Bezplatn\u00e9 zasl\u00e1n\u00ed katalogu sauny TAO a\u017e k v\u00e1m dom\u016f! Katalog je k dispozici tak\u00e9 v elektronick\u00e9 podob\u011b. Objednejte si jej je\u0161t\u011b dnes.\" \/>\n<meta property=\"og:url\" content=\"https:\/\/saunatao.com\/cs\/objednat-katalog\/\" \/>\n<meta property=\"og:site_name\" content=\"Sauna TAO\" \/>\n<meta property=\"article:publisher\" content=\"https:\/\/www.facebook.com\/aquamarinespacz\/\" \/>\n<meta property=\"article:modified_time\" content=\"2024-07-26T13:54:11+00:00\" \/>\n<meta name=\"twitter:card\" content=\"summary_large_image\" \/>\n<meta name=\"twitter:label1\" content=\"Odhadovan\u00e1 doba \u010dten\u00ed\" \/>\n\t<meta name=\"twitter:data1\" content=\"1 minuta\" \/>\n<script type=\"application\/ld+json\" class=\"yoast-schema-graph\">{\"@context\":\"https:\\\/\\\/schema.org\",\"@graph\":[{\"@type\":\"WebPage\",\"@id\":\"https:\\\/\\\/saunatao.com\\\/cs\\\/objednat-katalog\\\/\",\"url\":\"https:\\\/\\\/saunatao.com\\\/cs\\\/objednat-katalog\\\/\",\"name\":\"Katalog saun | Sauna TAO\",\"isPartOf\":{\"@id\":\"https:\\\/\\\/saunatao.com\\\/cs\\\/#website\"},\"datePublished\":\"2020-08-19T12:55:52+00:00\",\"dateModified\":\"2024-07-26T13:54:11+00:00\",\"description\":\"Bezplatn\u00e9 zasl\u00e1n\u00ed katalogu sauny TAO a\u017e k v\u00e1m dom\u016f! Katalog je k dispozici tak\u00e9 v elektronick\u00e9 podob\u011b. Objednejte si jej je\u0161t\u011b dnes.\",\"breadcrumb\":{\"@id\":\"https:\\\/\\\/saunatao.com\\\/cs\\\/objednat-katalog\\\/#breadcrumb\"},\"inLanguage\":\"cs\",\"potentialAction\":[{\"@type\":\"ReadAction\",\"target\":[\"https:\\\/\\\/saunatao.com\\\/cs\\\/objednat-katalog\\\/\"]}]},{\"@type\":\"BreadcrumbList\",\"@id\":\"https:\\\/\\\/saunatao.com\\\/cs\\\/objednat-katalog\\\/#breadcrumb\",\"itemListElement\":[{\"@type\":\"ListItem\",\"position\":1,\"name\":\"Home\",\"item\":\"https:\\\/\\\/saunatao.com\\\/cs\\\/\"},{\"@type\":\"ListItem\",\"position\":2,\"name\":\"Objednat katalog\"}]},{\"@type\":\"WebSite\",\"@id\":\"https:\\\/\\\/saunatao.com\\\/cs\\\/#website\",\"url\":\"https:\\\/\\\/saunatao.com\\\/cs\\\/\",\"name\":\"Sauna TAO\",\"description\":\"Za\u017eijte Sauna TAO\",\"publisher\":{\"@id\":\"https:\\\/\\\/saunatao.com\\\/cs\\\/#organization\"},\"potentialAction\":[{\"@type\":\"SearchAction\",\"target\":{\"@type\":\"EntryPoint\",\"urlTemplate\":\"https:\\\/\\\/saunatao.com\\\/cs\\\/?s={search_term_string}\"},\"query-input\":{\"@type\":\"PropertyValueSpecification\",\"valueRequired\":true,\"valueName\":\"search_term_string\"}}],\"inLanguage\":\"cs\"},{\"@type\":\"Organization\",\"@id\":\"https:\\\/\\\/saunatao.com\\\/cs\\\/#organization\",\"name\":\"Aquamarine Spa\",\"url\":\"https:\\\/\\\/saunatao.com\\\/cs\\\/\",\"logo\":{\"@type\":\"ImageObject\",\"inLanguage\":\"cs\",\"@id\":\"https:\\\/\\\/saunatao.com\\\/cs\\\/#\\\/schema\\\/logo\\\/image\\\/\",\"url\":\"https:\\\/\\\/saunatao.com\\\/wp-content\\\/uploads\\\/2021\\\/10\\\/aquamarinespa-logo.jpg\",\"contentUrl\":\"https:\\\/\\\/saunatao.com\\\/wp-content\\\/uploads\\\/2021\\\/10\\\/aquamarinespa-logo.jpg\",\"width\":1018,\"height\":499,\"caption\":\"Aquamarine Spa\"},\"image\":{\"@id\":\"https:\\\/\\\/saunatao.com\\\/cs\\\/#\\\/schema\\\/logo\\\/image\\\/\"},\"sameAs\":[\"https:\\\/\\\/www.facebook.com\\\/aquamarinespacz\\\/\",\"https:\\\/\\\/www.instagram.com\\\/aquamarinespacz\\\/\",\"https:\\\/\\\/cz.pinterest.com\\\/aquamarinespa\\\/_created\\\/\",\"https:\\\/\\\/www.youtube.com\\\/channel\\\/UCvQ2S0WBOTcT7OEAVfISYHg\"]}]}<\/script>\n<!-- \/ Yoast SEO plugin. -->","yoast_head_json":{"title":"Katalog saun | Sauna TAO","description":"Bezplatn\u00e9 zasl\u00e1n\u00ed katalogu sauny TAO a\u017e k v\u00e1m dom\u016f! Katalog je k dispozici tak\u00e9 v elektronick\u00e9 podob\u011b. Objednejte si jej je\u0161t\u011b dnes.","robots":{"index":"index","follow":"follow","max-snippet":"max-snippet:-1","max-image-preview":"max-image-preview:large","max-video-preview":"max-video-preview:-1"},"canonical":"https:\/\/saunatao.com\/cs\/objednat-katalog\/","og_locale":"cs_CZ","og_type":"article","og_title":"Katalog saun | Sauna TAO","og_description":"Bezplatn\u00e9 zasl\u00e1n\u00ed katalogu sauny TAO a\u017e k v\u00e1m dom\u016f! Katalog je k dispozici tak\u00e9 v elektronick\u00e9 podob\u011b. Objednejte si jej je\u0161t\u011b dnes.","og_url":"https:\/\/saunatao.com\/cs\/objednat-katalog\/","og_site_name":"Sauna TAO","article_publisher":"https:\/\/www.facebook.com\/aquamarinespacz\/","article_modified_time":"2024-07-26T13:54:11+00:00","twitter_card":"summary_large_image","twitter_misc":{"Odhadovan\u00e1 doba \u010dten\u00ed":"1 minuta"},"schema":{"@context":"https:\/\/schema.org","@graph":[{"@type":"WebPage","@id":"https:\/\/saunatao.com\/cs\/objednat-katalog\/","url":"https:\/\/saunatao.com\/cs\/objednat-katalog\/","name":"Katalog saun | Sauna TAO","isPartOf":{"@id":"https:\/\/saunatao.com\/cs\/#website"},"datePublished":"2020-08-19T12:55:52+00:00","dateModified":"2024-07-26T13:54:11+00:00","description":"Bezplatn\u00e9 zasl\u00e1n\u00ed katalogu sauny TAO a\u017e k v\u00e1m dom\u016f! Katalog je k dispozici tak\u00e9 v elektronick\u00e9 podob\u011b. Objednejte si jej je\u0161t\u011b dnes.","breadcrumb":{"@id":"https:\/\/saunatao.com\/cs\/objednat-katalog\/#breadcrumb"},"inLanguage":"cs","potentialAction":[{"@type":"ReadAction","target":["https:\/\/saunatao.com\/cs\/objednat-katalog\/"]}]},{"@type":"BreadcrumbList","@id":"https:\/\/saunatao.com\/cs\/objednat-katalog\/#breadcrumb","itemListElement":[{"@type":"ListItem","position":1,"name":"Home","item":"https:\/\/saunatao.com\/cs\/"},{"@type":"ListItem","position":2,"name":"Objednat katalog"}]},{"@type":"WebSite","@id":"https:\/\/saunatao.com\/cs\/#website","url":"https:\/\/saunatao.com\/cs\/","name":"Sauna TAO","description":"Za\u017eijte Sauna TAO","publisher":{"@id":"https:\/\/saunatao.com\/cs\/#organization"},"potentialAction":[{"@type":"SearchAction","target":{"@type":"EntryPoint","urlTemplate":"https:\/\/saunatao.com\/cs\/?s={search_term_string}"},"query-input":{"@type":"PropertyValueSpecification","valueRequired":true,"valueName":"search_term_string"}}],"inLanguage":"cs"},{"@type":"Organization","@id":"https:\/\/saunatao.com\/cs\/#organization","name":"Aquamarine Spa","url":"https:\/\/saunatao.com\/cs\/","logo":{"@type":"ImageObject","inLanguage":"cs","@id":"https:\/\/saunatao.com\/cs\/#\/schema\/logo\/image\/","url":"https:\/\/saunatao.com\/wp-content\/uploads\/2021\/10\/aquamarinespa-logo.jpg","contentUrl":"https:\/\/saunatao.com\/wp-content\/uploads\/2021\/10\/aquamarinespa-logo.jpg","width":1018,"height":499,"caption":"Aquamarine Spa"},"image":{"@id":"https:\/\/saunatao.com\/cs\/#\/schema\/logo\/image\/"},"sameAs":["https:\/\/www.facebook.com\/aquamarinespacz\/","https:\/\/www.instagram.com\/aquamarinespacz\/","https:\/\/cz.pinterest.com\/aquamarinespa\/_created\/","https:\/\/www.youtube.com\/channel\/UCvQ2S0WBOTcT7OEAVfISYHg"]}]}},"_links":{"self":[{"href":"https:\/\/saunatao.com\/cs\/wp-json\/wp\/v2\/pages\/3394","targetHints":{"allow":["GET"]}}],"collection":[{"href":"https:\/\/saunatao.com\/cs\/wp-json\/wp\/v2\/pages"}],"about":[{"href":"https:\/\/saunatao.com\/cs\/wp-json\/wp\/v2\/types\/page"}],"author":[{"embeddable":true,"href":"https:\/\/saunatao.com\/cs\/wp-json\/wp\/v2\/users\/1"}],"replies":[{"embeddable":true,"href":"https:\/\/saunatao.com\/cs\/wp-json\/wp\/v2\/comments?post=3394"}],"version-history":[{"count":3,"href":"https:\/\/saunatao.com\/cs\/wp-json\/wp\/v2\/pages\/3394\/revisions"}],"predecessor-version":[{"id":9157,"href":"https:\/\/saunatao.com\/cs\/wp-json\/wp\/v2\/pages\/3394\/revisions\/9157"}],"wp:attachment":[{"href":"https:\/\/saunatao.com\/cs\/wp-json\/wp\/v2\/media?parent=3394"}],"curies":[{"name":"wp","href":"https:\/\/api.w.org\/{rel}","templated":true}]}}