{"id":3377,"date":"2020-08-19T12:43:23","date_gmt":"2020-08-19T12:43:23","guid":{"rendered":"https:\/\/imaginox.boost.codes\/domluvit-schuzku\/"},"modified":"2024-07-26T13:32:56","modified_gmt":"2024-07-26T13:32:56","slug":"domluvit-schuzku","status":"publish","type":"page","link":"https:\/\/saunatao.com\/cs\/domluvit-schuzku\/","title":{"rendered":"Domluvit sch\u016fzku"},"content":{"rendered":"<section class=\"section--catalogue section--light\">\n<div class=\"inner\">\n<h1 class=\"heading heading--bigger heading--center heading--black heading--underline\">Domluvit sch\u016fzku<\/h1>\n<div class=\"row\">\n<div class=\"col-xs-12 col-sm-12 col-md-2 col-lg-2\"><\/div>\n<div class=\"col-xs-12 col-sm-12 col-md-8 col-lg-8\">\n<p class=\"paragraph paragraph--medium align-center margin-top--05x\">M\u00e1te z\u00e1jem o osobn\u00ed nebo online setk\u00e1n\u00ed? Sta\u010d\u00ed vyplnit formul\u00e1\u0159. <strong>My v\u00e1m odpov\u00edme, jakmile to bude mo\u017en\u00e9. <\/strong>Pokud preferujete telefonick\u00fd kontakt, nev\u00e1hejte n\u00e1m zanechat sv\u00e9 \u010d\u00edslo, abychom se v\u00e1m mohli ozvat zp\u011bt.\n<\/p>\n<\/div>\n<div class=\"col-xs-12 col-sm-12 col-md-2 col-lg-2\"><\/div>\n<\/div>\n<div class=\"section--catalogue-form section--queries-form\"><span class=\"paragraph paragraph--medium section--catalogue-form-required-data input-required\">Povinn\u00e9 pole<\/span><br \/>\n<div class=\"boost-space-forms\" id=\"bsf-id-4\"><\/div><script src=\"https:\/\/tao.boost.space\/api\/custom_form.js?id=4&integrity=fb255d7f7792f687ee3c50a5690c59ab&el=bsf-id-4&callback=boostSpaceFormsInit&csubmit=boostSpaceFormsSuccessSubmit&lang=cs&v=0.4.9\" data-form=\"boost-space\"><\/script>  <\/div>\n<\/div>\n<p><!-- .inner --><br \/>\n<\/section>\n<p><!-- section products --><\/p>\n","protected":false},"excerpt":{"rendered":"Domluvit sch\u016fzku M\u00e1te z\u00e1jem o osobn\u00ed nebo online setk\u00e1n\u00ed? Sta\u010d\u00ed vyplnit formul\u00e1\u0159. My v\u00e1m odpov\u00edme, jakmile to bude mo\u017en\u00e9. Pokud preferujete telefonick\u00fd kontakt, nev\u00e1hejte n\u00e1m zanechat sv\u00e9 \u010d\u00edslo, abychom se v\u00e1m mohli ozvat zp\u011bt. Povinn\u00e9 pole","protected":false},"author":1,"featured_media":0,"parent":0,"menu_order":0,"comment_status":"closed","ping_status":"closed","template":"","meta":{"_acf_changed":false,"footnotes":""},"class_list":["post-3377","page","type-page","status-publish","hentry"],"acf":[],"yoast_head":"<!-- This site is optimized with the Yoast SEO plugin v27.3 - https:\/\/yoast.com\/product\/yoast-seo-wordpress\/ -->\n<title>Domluvit sch\u016fzku | Sauna TAO<\/title>\n<meta name=\"description\" content=\"M\u00e1te z\u00e1jem o osobn\u00ed nebo online setk\u00e1n\u00ed? Sta\u010d\u00ed vyplnit formul\u00e1\u0159. My v\u00e1m odpov\u00edme, jakmile to bude mo\u017en\u00e9.\" \/>\n<meta name=\"robots\" content=\"index, follow, max-snippet:-1, max-image-preview:large, max-video-preview:-1\" \/>\n<link rel=\"canonical\" href=\"https:\/\/saunatao.com\/cs\/domluvit-schuzku\/\" \/>\n<meta property=\"og:locale\" content=\"cs_CZ\" \/>\n<meta property=\"og:type\" content=\"article\" \/>\n<meta property=\"og:title\" content=\"Domluvit sch\u016fzku | Sauna TAO\" \/>\n<meta property=\"og:description\" content=\"M\u00e1te z\u00e1jem o osobn\u00ed nebo online setk\u00e1n\u00ed? Sta\u010d\u00ed vyplnit formul\u00e1\u0159. My v\u00e1m odpov\u00edme, jakmile to bude mo\u017en\u00e9.\" \/>\n<meta property=\"og:url\" content=\"https:\/\/saunatao.com\/cs\/domluvit-schuzku\/\" \/>\n<meta property=\"og:site_name\" content=\"Sauna TAO\" \/>\n<meta property=\"article:publisher\" content=\"https:\/\/www.facebook.com\/aquamarinespacz\/\" \/>\n<meta property=\"article:modified_time\" content=\"2024-07-26T13:32:56+00:00\" \/>\n<meta name=\"twitter:card\" content=\"summary_large_image\" \/>\n<meta name=\"twitter:label1\" content=\"Odhadovan\u00e1 doba \u010dten\u00ed\" \/>\n\t<meta name=\"twitter:data1\" content=\"1 minuta\" \/>\n<script type=\"application\/ld+json\" class=\"yoast-schema-graph\">{\"@context\":\"https:\\\/\\\/schema.org\",\"@graph\":[{\"@type\":\"WebPage\",\"@id\":\"https:\\\/\\\/saunatao.com\\\/cs\\\/domluvit-schuzku\\\/\",\"url\":\"https:\\\/\\\/saunatao.com\\\/cs\\\/domluvit-schuzku\\\/\",\"name\":\"Domluvit sch\u016fzku | Sauna TAO\",\"isPartOf\":{\"@id\":\"https:\\\/\\\/saunatao.com\\\/cs\\\/#website\"},\"datePublished\":\"2020-08-19T12:43:23+00:00\",\"dateModified\":\"2024-07-26T13:32:56+00:00\",\"description\":\"M\u00e1te z\u00e1jem o osobn\u00ed nebo online setk\u00e1n\u00ed? Sta\u010d\u00ed vyplnit formul\u00e1\u0159. My v\u00e1m odpov\u00edme, jakmile to bude mo\u017en\u00e9.\",\"breadcrumb\":{\"@id\":\"https:\\\/\\\/saunatao.com\\\/cs\\\/domluvit-schuzku\\\/#breadcrumb\"},\"inLanguage\":\"cs\",\"potentialAction\":[{\"@type\":\"ReadAction\",\"target\":[\"https:\\\/\\\/saunatao.com\\\/cs\\\/domluvit-schuzku\\\/\"]}]},{\"@type\":\"BreadcrumbList\",\"@id\":\"https:\\\/\\\/saunatao.com\\\/cs\\\/domluvit-schuzku\\\/#breadcrumb\",\"itemListElement\":[{\"@type\":\"ListItem\",\"position\":1,\"name\":\"Home\",\"item\":\"https:\\\/\\\/saunatao.com\\\/cs\\\/\"},{\"@type\":\"ListItem\",\"position\":2,\"name\":\"Domluvit sch\u016fzku\"}]},{\"@type\":\"WebSite\",\"@id\":\"https:\\\/\\\/saunatao.com\\\/cs\\\/#website\",\"url\":\"https:\\\/\\\/saunatao.com\\\/cs\\\/\",\"name\":\"Sauna TAO\",\"description\":\"Za\u017eijte Sauna TAO\",\"publisher\":{\"@id\":\"https:\\\/\\\/saunatao.com\\\/cs\\\/#organization\"},\"potentialAction\":[{\"@type\":\"SearchAction\",\"target\":{\"@type\":\"EntryPoint\",\"urlTemplate\":\"https:\\\/\\\/saunatao.com\\\/cs\\\/?s={search_term_string}\"},\"query-input\":{\"@type\":\"PropertyValueSpecification\",\"valueRequired\":true,\"valueName\":\"search_term_string\"}}],\"inLanguage\":\"cs\"},{\"@type\":\"Organization\",\"@id\":\"https:\\\/\\\/saunatao.com\\\/cs\\\/#organization\",\"name\":\"Aquamarine Spa\",\"url\":\"https:\\\/\\\/saunatao.com\\\/cs\\\/\",\"logo\":{\"@type\":\"ImageObject\",\"inLanguage\":\"cs\",\"@id\":\"https:\\\/\\\/saunatao.com\\\/cs\\\/#\\\/schema\\\/logo\\\/image\\\/\",\"url\":\"https:\\\/\\\/saunatao.com\\\/wp-content\\\/uploads\\\/2021\\\/10\\\/aquamarinespa-logo.jpg\",\"contentUrl\":\"https:\\\/\\\/saunatao.com\\\/wp-content\\\/uploads\\\/2021\\\/10\\\/aquamarinespa-logo.jpg\",\"width\":1018,\"height\":499,\"caption\":\"Aquamarine Spa\"},\"image\":{\"@id\":\"https:\\\/\\\/saunatao.com\\\/cs\\\/#\\\/schema\\\/logo\\\/image\\\/\"},\"sameAs\":[\"https:\\\/\\\/www.facebook.com\\\/aquamarinespacz\\\/\",\"https:\\\/\\\/www.instagram.com\\\/aquamarinespacz\\\/\",\"https:\\\/\\\/cz.pinterest.com\\\/aquamarinespa\\\/_created\\\/\",\"https:\\\/\\\/www.youtube.com\\\/channel\\\/UCvQ2S0WBOTcT7OEAVfISYHg\"]}]}<\/script>\n<!-- \/ Yoast SEO plugin. -->","yoast_head_json":{"title":"Domluvit sch\u016fzku | Sauna TAO","description":"M\u00e1te z\u00e1jem o osobn\u00ed nebo online setk\u00e1n\u00ed? Sta\u010d\u00ed vyplnit formul\u00e1\u0159. My v\u00e1m odpov\u00edme, jakmile to bude mo\u017en\u00e9.","robots":{"index":"index","follow":"follow","max-snippet":"max-snippet:-1","max-image-preview":"max-image-preview:large","max-video-preview":"max-video-preview:-1"},"canonical":"https:\/\/saunatao.com\/cs\/domluvit-schuzku\/","og_locale":"cs_CZ","og_type":"article","og_title":"Domluvit sch\u016fzku | Sauna TAO","og_description":"M\u00e1te z\u00e1jem o osobn\u00ed nebo online setk\u00e1n\u00ed? Sta\u010d\u00ed vyplnit formul\u00e1\u0159. My v\u00e1m odpov\u00edme, jakmile to bude mo\u017en\u00e9.","og_url":"https:\/\/saunatao.com\/cs\/domluvit-schuzku\/","og_site_name":"Sauna TAO","article_publisher":"https:\/\/www.facebook.com\/aquamarinespacz\/","article_modified_time":"2024-07-26T13:32:56+00:00","twitter_card":"summary_large_image","twitter_misc":{"Odhadovan\u00e1 doba \u010dten\u00ed":"1 minuta"},"schema":{"@context":"https:\/\/schema.org","@graph":[{"@type":"WebPage","@id":"https:\/\/saunatao.com\/cs\/domluvit-schuzku\/","url":"https:\/\/saunatao.com\/cs\/domluvit-schuzku\/","name":"Domluvit sch\u016fzku | Sauna TAO","isPartOf":{"@id":"https:\/\/saunatao.com\/cs\/#website"},"datePublished":"2020-08-19T12:43:23+00:00","dateModified":"2024-07-26T13:32:56+00:00","description":"M\u00e1te z\u00e1jem o osobn\u00ed nebo online setk\u00e1n\u00ed? Sta\u010d\u00ed vyplnit formul\u00e1\u0159. My v\u00e1m odpov\u00edme, jakmile to bude mo\u017en\u00e9.","breadcrumb":{"@id":"https:\/\/saunatao.com\/cs\/domluvit-schuzku\/#breadcrumb"},"inLanguage":"cs","potentialAction":[{"@type":"ReadAction","target":["https:\/\/saunatao.com\/cs\/domluvit-schuzku\/"]}]},{"@type":"BreadcrumbList","@id":"https:\/\/saunatao.com\/cs\/domluvit-schuzku\/#breadcrumb","itemListElement":[{"@type":"ListItem","position":1,"name":"Home","item":"https:\/\/saunatao.com\/cs\/"},{"@type":"ListItem","position":2,"name":"Domluvit sch\u016fzku"}]},{"@type":"WebSite","@id":"https:\/\/saunatao.com\/cs\/#website","url":"https:\/\/saunatao.com\/cs\/","name":"Sauna TAO","description":"Za\u017eijte Sauna TAO","publisher":{"@id":"https:\/\/saunatao.com\/cs\/#organization"},"potentialAction":[{"@type":"SearchAction","target":{"@type":"EntryPoint","urlTemplate":"https:\/\/saunatao.com\/cs\/?s={search_term_string}"},"query-input":{"@type":"PropertyValueSpecification","valueRequired":true,"valueName":"search_term_string"}}],"inLanguage":"cs"},{"@type":"Organization","@id":"https:\/\/saunatao.com\/cs\/#organization","name":"Aquamarine Spa","url":"https:\/\/saunatao.com\/cs\/","logo":{"@type":"ImageObject","inLanguage":"cs","@id":"https:\/\/saunatao.com\/cs\/#\/schema\/logo\/image\/","url":"https:\/\/saunatao.com\/wp-content\/uploads\/2021\/10\/aquamarinespa-logo.jpg","contentUrl":"https:\/\/saunatao.com\/wp-content\/uploads\/2021\/10\/aquamarinespa-logo.jpg","width":1018,"height":499,"caption":"Aquamarine Spa"},"image":{"@id":"https:\/\/saunatao.com\/cs\/#\/schema\/logo\/image\/"},"sameAs":["https:\/\/www.facebook.com\/aquamarinespacz\/","https:\/\/www.instagram.com\/aquamarinespacz\/","https:\/\/cz.pinterest.com\/aquamarinespa\/_created\/","https:\/\/www.youtube.com\/channel\/UCvQ2S0WBOTcT7OEAVfISYHg"]}]}},"_links":{"self":[{"href":"https:\/\/saunatao.com\/cs\/wp-json\/wp\/v2\/pages\/3377","targetHints":{"allow":["GET"]}}],"collection":[{"href":"https:\/\/saunatao.com\/cs\/wp-json\/wp\/v2\/pages"}],"about":[{"href":"https:\/\/saunatao.com\/cs\/wp-json\/wp\/v2\/types\/page"}],"author":[{"embeddable":true,"href":"https:\/\/saunatao.com\/cs\/wp-json\/wp\/v2\/users\/1"}],"replies":[{"embeddable":true,"href":"https:\/\/saunatao.com\/cs\/wp-json\/wp\/v2\/comments?post=3377"}],"version-history":[{"count":6,"href":"https:\/\/saunatao.com\/cs\/wp-json\/wp\/v2\/pages\/3377\/revisions"}],"predecessor-version":[{"id":9158,"href":"https:\/\/saunatao.com\/cs\/wp-json\/wp\/v2\/pages\/3377\/revisions\/9158"}],"wp:attachment":[{"href":"https:\/\/saunatao.com\/cs\/wp-json\/wp\/v2\/media?parent=3377"}],"curies":[{"name":"wp","href":"https:\/\/api.w.org\/{rel}","templated":true}]}}